{"id":42,"date":"2019-08-16T15:38:55","date_gmt":"2019-08-16T15:38:55","guid":{"rendered":"http:\/\/impreza14.us-themes.com\/?page_id=42"},"modified":"2026-01-19T16:13:51","modified_gmt":"2026-01-19T15:13:51","slug":"blog","status":"publish","type":"page","link":"https:\/\/bailaluna.nl\/de\/blog\/","title":{"rendered":"Blog"},"content":{"rendered":"<section class=\"l-section wpb_row height_huge\"><div class=\"l-section-h i-cf\"><div class=\"g-cols vc_row via_grid cols_1 laptops-cols_inherit tablets-cols_inherit mobiles-cols_1 valign_top type_default stacking_default\"><div class=\"wpb_column vc_column_container\"><div class=\"vc_column-inner\"><div class=\"w-grid us_grid type_masonry layout_blog_1 cols_4 preload_style_spinner with_isotope\" id=\"us_grid_1\" style=\"--columns:4;--gap:1.5rem;\" data-filterable=\"true\"><style>@media (max-width:1380px){#us_grid_1{--columns:3!important}}@media (max-width:1024px){#us_grid_1{--columns:2!important}}@media (max-width:700px){#us_grid_1{--columns:1!important}}@media (min-width:1024px){#us_grid_1 .w-post-elm.post_title{font-size:32px!important}}.layout_blog_1 .w-grid-item-h{}.layout_blog_1 .usg_post_image_1{margin-bottom:0.5rem!important}.layout_blog_1 .usg_post_title_1{font-size:1rem!important}<\/style><div class=\"w-grid-list\">\t<article class=\"w-grid-item size_1x1 post-3239 post type-post status-publish format-standard has-post-thumbnail hentry category-bailaluna\" data-id=\"3239\">\r\n\t\t<div class=\"w-grid-item-h\">\r\n\t\t\t\t\t\t<div class=\"w-post-elm post_image usg_post_image_1 stretched\"><a href=\"https:\/\/bailaluna.nl\/de\/bailaluna\/3239\/samenwerking-anoushka-event-lounge-princess-promotions\/\" aria-label=\"Samenwerking  Anoushka \u2013 Event Lounge, PRincess Promotions\"><img loading=\"lazy\" decoding=\"async\" width=\"730\" height=\"1024\" src=\"https:\/\/bailaluna.nl\/wp-content\/uploads\/2023\/11\/Anoushka-\u2013-Event-Lounge-PRincess-Promotions0A-copy.webp\" class=\"attachment-large size-large wp-post-image\" alt=\"\" srcset=\"https:\/\/bailaluna.nl\/wp-content\/uploads\/2023\/11\/Anoushka-\u2013-Event-Lounge-PRincess-Promotions0A-copy.webp 730w, https:\/\/bailaluna.nl\/wp-content\/uploads\/2023\/11\/Anoushka-\u2013-Event-Lounge-PRincess-Promotions0A-copy-214x300.webp 214w, https:\/\/bailaluna.nl\/wp-content\/uploads\/2023\/11\/Anoushka-\u2013-Event-Lounge-PRincess-Promotions0A-copy-9x12.webp 9w, https:\/\/bailaluna.nl\/wp-content\/uploads\/2023\/11\/Anoushka-\u2013-Event-Lounge-PRincess-Promotions0A-copy-600x842.webp 600w\" sizes=\"auto, (max-width: 730px) 100vw, 730px\" \/><\/a><\/div><h2 class=\"w-post-elm post_title usg_post_title_1 entry-title color_link_inherit\"><a href=\"https:\/\/bailaluna.nl\/de\/bailaluna\/3239\/samenwerking-anoushka-event-lounge-princess-promotions\/\">Samenwerking  Anoushka \u2013 Event Lounge, PRincess Promotions<\/a><\/h2>\t\t<\/div>\r\n\t\t\t<\/article>\r\n\t<article class=\"w-grid-item size_1x1 post-2057 post type-post status-publish format-standard has-post-thumbnail hentry category-bailaluna\" data-id=\"2057\">\r\n\t\t<div class=\"w-grid-item-h\">\r\n\t\t\t\t\t\t<div class=\"w-post-elm post_image usg_post_image_1 stretched\"><a href=\"https:\/\/bailaluna.nl\/de\/bailaluna\/2057\/bailaluna-bedeltje\/\" aria-label=\"Bailaluna bedeltje\"><img loading=\"lazy\" decoding=\"async\" width=\"853\" height=\"1024\" src=\"https:\/\/bailaluna.nl\/wp-content\/uploads\/2023\/11\/Bailaluna-bedeltje.webp\" class=\"attachment-large size-large wp-post-image\" alt=\"\" srcset=\"https:\/\/bailaluna.nl\/wp-content\/uploads\/2023\/11\/Bailaluna-bedeltje.webp 853w, https:\/\/bailaluna.nl\/wp-content\/uploads\/2023\/11\/Bailaluna-bedeltje-250x300.webp 250w, https:\/\/bailaluna.nl\/wp-content\/uploads\/2023\/11\/Bailaluna-bedeltje-10x12.webp 10w, https:\/\/bailaluna.nl\/wp-content\/uploads\/2023\/11\/Bailaluna-bedeltje-600x720.webp 600w\" sizes=\"auto, (max-width: 853px) 100vw, 853px\" \/><\/a><\/div><h2 class=\"w-post-elm post_title usg_post_title_1 entry-title color_link_inherit\"><a href=\"https:\/\/bailaluna.nl\/de\/bailaluna\/2057\/bailaluna-bedeltje\/\">Bailaluna bedeltje<\/a><\/h2>\t\t<\/div>\r\n\t\t\t<\/article>\r\n<\/div>\t<div class=\"w-grid-preloader\">\r\n\t\t<div class=\"g-preloader type_1\">\r\n\t\t\t<div><\/div>\r\n\t\t<\/div>\r\n\t<\/div>\r\n\t\t<div class=\"w-grid-json hidden\" onclick='return {&quot;action&quot;:&quot;us_ajax_grid&quot;,&quot;infinite_scroll&quot;:0,&quot;max_num_pages&quot;:1,&quot;pagination&quot;:&quot;none&quot;,&quot;template_vars&quot;:{&quot;columns&quot;:&quot;4&quot;,&quot;exclude_items&quot;:&quot;none&quot;,&quot;img_size&quot;:&quot;default&quot;,&quot;ignore_items_size&quot;:0,&quot;items_layout&quot;:&quot;blog_1&quot;,&quot;items_offset&quot;:&quot;1&quot;,&quot;load_animation&quot;:&quot;none&quot;,&quot;overriding_link&quot;:&quot;%7B%22url%22%3A%22%22%7D&quot;,&quot;post_id&quot;:0,&quot;query_args&quot;:{&quot;post_type&quot;:[&quot;post&quot;],&quot;tax_query&quot;:[{&quot;taxonomy&quot;:&quot;category&quot;,&quot;field&quot;:&quot;slug&quot;,&quot;terms&quot;:[&quot;bailaluna&quot;]}],&quot;post_status&quot;:[&quot;publish&quot;],&quot;posts_per_page&quot;:&quot;6&quot;},&quot;orderby_query_args&quot;:{&quot;orderby&quot;:{&quot;date&quot;:&quot;DESC&quot;}},&quot;type&quot;:&quot;masonry&quot;,&quot;us_grid_post_type&quot;:&quot;post&quot;,&quot;us_grid_ajax_index&quot;:1,&quot;us_grid_filter_query_string&quot;:null,&quot;us_grid_index&quot;:1,&quot;page_args&quot;:[]}}'><\/div>\r\n\t<\/div><div class=\"w-post-elm post_image stretched\"><img loading=\"lazy\" decoding=\"async\" width=\"853\" height=\"1024\" src=\"https:\/\/bailaluna.nl\/wp-content\/uploads\/2023\/11\/Bailaluna-bedeltje.webp\" class=\"attachment-large size-large wp-post-image\" alt=\"\" srcset=\"https:\/\/bailaluna.nl\/wp-content\/uploads\/2023\/11\/Bailaluna-bedeltje.webp 853w, https:\/\/bailaluna.nl\/wp-content\/uploads\/2023\/11\/Bailaluna-bedeltje-250x300.webp 250w, https:\/\/bailaluna.nl\/wp-content\/uploads\/2023\/11\/Bailaluna-bedeltje-10x12.webp 10w, https:\/\/bailaluna.nl\/wp-content\/uploads\/2023\/11\/Bailaluna-bedeltje-600x720.webp 600w\" sizes=\"auto, (max-width: 853px) 100vw, 853px\" \/><\/div><\/div><\/div><\/div><\/div><\/section>\n","protected":false},"excerpt":{"rendered":"Entdecken Sie die Essenz von Bailaluna in jedem St\u00fcck mit unserem exklusiven charakteristischen Charme. Jedes unserer Designs verf\u00fcgt jetzt \u00fcber diesen von einem Meisterdesigner entworfenen Charme. Unser Charm ist mehr als nur ein Zusatz, er ist ein Symbol. Es stellt die Sterne dar, die tapfer neben dem Mond leuchten \u2013 jeder einzigartig, jeder hell, um \u2026","protected":false},"author":1,"featured_media":0,"parent":0,"menu_order":0,"comment_status":"closed","ping_status":"closed","template":"","meta":{"footnotes":""},"class_list":["post-42","page","type-page","status-publish","hentry"],"_links":{"self":[{"href":"https:\/\/bailaluna.nl\/de\/wp-json\/wp\/v2\/pages\/42","targetHints":{"allow":["GET"]}}],"collection":[{"href":"https:\/\/bailaluna.nl\/de\/wp-json\/wp\/v2\/pages"}],"about":[{"href":"https:\/\/bailaluna.nl\/de\/wp-json\/wp\/v2\/types\/page"}],"author":[{"embeddable":true,"href":"https:\/\/bailaluna.nl\/de\/wp-json\/wp\/v2\/users\/1"}],"replies":[{"embeddable":true,"href":"https:\/\/bailaluna.nl\/de\/wp-json\/wp\/v2\/comments?post=42"}],"version-history":[{"count":15,"href":"https:\/\/bailaluna.nl\/de\/wp-json\/wp\/v2\/pages\/42\/revisions"}],"predecessor-version":[{"id":3926,"href":"https:\/\/bailaluna.nl\/de\/wp-json\/wp\/v2\/pages\/42\/revisions\/3926"}],"wp:attachment":[{"href":"https:\/\/bailaluna.nl\/de\/wp-json\/wp\/v2\/media?parent=42"}],"curies":[{"name":"wp","href":"https:\/\/api.w.org\/{rel}","templated":true}]}}