{"id":2892,"date":"2023-10-30T15:07:51","date_gmt":"2023-10-30T15:07:51","guid":{"rendered":"https:\/\/bailaluna.nl\/?post_type=product&#038;p=2892"},"modified":"2025-07-30T13:45:02","modified_gmt":"2025-07-30T11:45:02","slug":"glam-crystal-collar","status":"publish","type":"product","link":"https:\/\/bailaluna.nl\/de\/shop\/kraag\/glam-crystal-collar\/","title":{"rendered":"Glamour\u00f6ses Kristallhalsband"},"content":{"rendered":"<p>Betreten Sie die schillernde Welt des Glamours mit unserem Halsband \u201eGlam Crystal\u201c. Diese raffinierte Kreation strahlt zeitlose Eleganz mit dem Funkeln von Kristallen aus, die Ihren Stil zum Leben erwecken. Mit diesem Kragen f\u00fchlen Sie sich wie ein Star auf dem roten Teppich, elegant und strahlend, und verleihen jedem Outfit einen Hauch von Luxus, perfekt f\u00fcr besondere Anl\u00e4sse und Ihre allt\u00e4gliche Eleganz.<\/p>\n<ul>\n<li>Handgefertigt<\/li>\n<li>Der Verschluss kann im Nacken oder im Nacken getragen werden<\/li>\n<li>Detail aus Perlen und Pailletten<\/li>\n<li>Durchscheinender, atmungsaktiver Stoff<\/li>\n<li>Gittergewebe<\/li>\n<li>Glasperlen<\/li>\n<\/ul>","protected":false},"excerpt":{"rendered":"<p>Betreten Sie die schillernde Welt des Glamours mit unserem Halsband \u201eGlam Crystal\u201c. Diese raffinierte Kreation strahlt zeitlose Eleganz mit dem Funkeln von Kristallen aus<\/p>","protected":false},"featured_media":2890,"template":"","meta":[],"product_brand":[],"product_cat":[15],"product_tag":[],"class_list":{"0":"post-2892","1":"product","2":"type-product","3":"status-publish","4":"has-post-thumbnail","6":"product_cat-kraag","8":"first","9":"instock","10":"taxable","11":"shipping-taxable","12":"purchasable","13":"product-type-simple"},"_links":{"self":[{"href":"https:\/\/bailaluna.nl\/de\/wp-json\/wp\/v2\/product\/2892","targetHints":{"allow":["GET"]}}],"collection":[{"href":"https:\/\/bailaluna.nl\/de\/wp-json\/wp\/v2\/product"}],"about":[{"href":"https:\/\/bailaluna.nl\/de\/wp-json\/wp\/v2\/types\/product"}],"wp:featuredmedia":[{"embeddable":true,"href":"https:\/\/bailaluna.nl\/de\/wp-json\/wp\/v2\/media\/2890"}],"wp:attachment":[{"href":"https:\/\/bailaluna.nl\/de\/wp-json\/wp\/v2\/media?parent=2892"}],"wp:term":[{"taxonomy":"product_brand","embeddable":true,"href":"https:\/\/bailaluna.nl\/de\/wp-json\/wp\/v2\/product_brand?post=2892"},{"taxonomy":"product_cat","embeddable":true,"href":"https:\/\/bailaluna.nl\/de\/wp-json\/wp\/v2\/product_cat?post=2892"},{"taxonomy":"product_tag","embeddable":true,"href":"https:\/\/bailaluna.nl\/de\/wp-json\/wp\/v2\/product_tag?post=2892"}],"curies":[{"name":"wp","href":"https:\/\/api.w.org\/{rel}","templated":true}]}}