{"id":2893,"date":"2023-10-30T15:23:58","date_gmt":"2023-10-30T15:23:58","guid":{"rendered":"https:\/\/bailaluna.nl\/?post_type=product&#038;p=2893"},"modified":"2023-11-15T10:45:14","modified_gmt":"2023-11-15T10:45:14","slug":"golden-floral-collar","status":"publish","type":"product","link":"https:\/\/bailaluna.nl\/de\/shop\/kraag\/golden-floral-collar\/","title":{"rendered":"Goldener Blumenkragen"},"content":{"rendered":"<p>Lassen Sie sich von der Opulenz des Kragens \u201eGolden Floral\u201c verzaubern. Diese wundersch\u00f6ne Kreation zelebriert die \u00fcppige Sch\u00f6nheit der Natur mit einem goldenen Touch. Die detaillierten floralen Elemente und goldenen Akzente verleihen Ihrem Look einen zeitlosen Charme. Tragen Sie dieses Halsband und strahlen Sie wie eine Blume in voller Bl\u00fcte, elegant und strahlend, und verleihen Sie Ihrem Stil einen Hauch nat\u00fcrlicher Pracht, perfekt f\u00fcr jeden Anlass.<\/p>\n<ul>\n<li>Handgefertigt<\/li>\n<li>Der Verschluss kann im Nacken oder im Nacken getragen werden<\/li>\n<li>Detail aus Perlen und Pailletten<\/li>\n<li>Durchscheinender, atmungsaktiver Stoff<\/li>\n<li>Gittergewebe<\/li>\n<li>Glasperlen<\/li>\n<li>Glasperlen in Perlmuttoptik<\/li>\n<\/ul>\n<p>&nbsp;<\/p>","protected":false},"excerpt":{"rendered":"<p>Lassen Sie sich von der Opulenz des Halsbandes \u201eGolden Floral\u201c verzaubern. Diese wundersch\u00f6ne Kreation zelebriert die \u00fcppige Sch\u00f6nheit der Natur mit einem Hauch von Gold.<\/p>","protected":false},"featured_media":2896,"template":"","meta":[],"product_brand":[],"product_cat":[15],"product_tag":[],"class_list":{"0":"post-2893","1":"product","2":"type-product","3":"status-publish","4":"has-post-thumbnail","6":"product_cat-kraag","8":"first","9":"instock","10":"taxable","11":"shipping-taxable","12":"purchasable","13":"product-type-simple"},"_links":{"self":[{"href":"https:\/\/bailaluna.nl\/de\/wp-json\/wp\/v2\/product\/2893","targetHints":{"allow":["GET"]}}],"collection":[{"href":"https:\/\/bailaluna.nl\/de\/wp-json\/wp\/v2\/product"}],"about":[{"href":"https:\/\/bailaluna.nl\/de\/wp-json\/wp\/v2\/types\/product"}],"wp:featuredmedia":[{"embeddable":true,"href":"https:\/\/bailaluna.nl\/de\/wp-json\/wp\/v2\/media\/2896"}],"wp:attachment":[{"href":"https:\/\/bailaluna.nl\/de\/wp-json\/wp\/v2\/media?parent=2893"}],"wp:term":[{"taxonomy":"product_brand","embeddable":true,"href":"https:\/\/bailaluna.nl\/de\/wp-json\/wp\/v2\/product_brand?post=2893"},{"taxonomy":"product_cat","embeddable":true,"href":"https:\/\/bailaluna.nl\/de\/wp-json\/wp\/v2\/product_cat?post=2893"},{"taxonomy":"product_tag","embeddable":true,"href":"https:\/\/bailaluna.nl\/de\/wp-json\/wp\/v2\/product_tag?post=2893"}],"curies":[{"name":"wp","href":"https:\/\/api.w.org\/{rel}","templated":true}]}}