{"id":2901,"date":"2023-10-30T15:41:42","date_gmt":"2023-10-30T15:41:42","guid":{"rendered":"https:\/\/bailaluna.nl\/?post_type=product&#038;p=2901"},"modified":"2023-11-15T10:45:55","modified_gmt":"2023-11-15T10:45:55","slug":"vintage-pink-floral-collar","status":"publish","type":"product","link":"https:\/\/bailaluna.nl\/de\/shop\/kraag\/vintage-pink-floral-collar\/","title":{"rendered":"Vintage Rosa Blumenkragen"},"content":{"rendered":"<p>Tauchen Sie mit unserem Halsband \u201eVintage Pink\u201c in den Charme vergangener Zeiten ein. Diese wundersch\u00f6ne Kreation verk\u00f6rpert die Nostalgie einer Vintage-\u00c4sthetik mit einem Hauch von zartem Rosa. Die raffinierten Details und die dezente Farbe vermitteln eine zeitlose Eleganz. Tragen Sie das \u201eVintage Pink Collar\u201c und reisen Sie mit einem Stil zur\u00fcck in die Vergangenheit, der sowohl klassisch als auch zeitlos ist und Ihrem Look einen Hauch von Retro-Charme verleiht.<\/p>\n<ul>\n<li>Handgefertigt<\/li>\n<li>Der Verschluss kann im Nacken oder im Nacken getragen werden<\/li>\n<li>Detail aus Perlen und Pailletten<\/li>\n<li>Durchscheinender, atmungsaktiver Stoff<\/li>\n<li>Gittergewebe<\/li>\n<li>Glasperlen<\/li>\n<\/ul>","protected":false},"excerpt":{"rendered":"<p>Duik in de charme van vervlogen tijden met onze \u2018Vintage Pink \u2019 kraag. Deze prachtige creatie omarmt de nostalgie van een vintage esthetiek met een vleugje zacht roze.<\/p>","protected":false},"featured_media":2902,"template":"","meta":[],"product_brand":[],"product_cat":[15],"product_tag":[],"class_list":{"0":"post-2901","1":"product","2":"type-product","3":"status-publish","4":"has-post-thumbnail","6":"product_cat-kraag","8":"first","9":"instock","10":"taxable","11":"shipping-taxable","12":"purchasable","13":"product-type-simple"},"_links":{"self":[{"href":"https:\/\/bailaluna.nl\/de\/wp-json\/wp\/v2\/product\/2901","targetHints":{"allow":["GET"]}}],"collection":[{"href":"https:\/\/bailaluna.nl\/de\/wp-json\/wp\/v2\/product"}],"about":[{"href":"https:\/\/bailaluna.nl\/de\/wp-json\/wp\/v2\/types\/product"}],"wp:featuredmedia":[{"embeddable":true,"href":"https:\/\/bailaluna.nl\/de\/wp-json\/wp\/v2\/media\/2902"}],"wp:attachment":[{"href":"https:\/\/bailaluna.nl\/de\/wp-json\/wp\/v2\/media?parent=2901"}],"wp:term":[{"taxonomy":"product_brand","embeddable":true,"href":"https:\/\/bailaluna.nl\/de\/wp-json\/wp\/v2\/product_brand?post=2901"},{"taxonomy":"product_cat","embeddable":true,"href":"https:\/\/bailaluna.nl\/de\/wp-json\/wp\/v2\/product_cat?post=2901"},{"taxonomy":"product_tag","embeddable":true,"href":"https:\/\/bailaluna.nl\/de\/wp-json\/wp\/v2\/product_tag?post=2901"}],"curies":[{"name":"wp","href":"https:\/\/api.w.org\/{rel}","templated":true}]}}