{"id":2913,"date":"2023-10-30T17:24:09","date_gmt":"2023-10-30T17:24:09","guid":{"rendered":"https:\/\/bailaluna.nl\/?post_type=product&#038;p=2913"},"modified":"2023-11-15T10:46:44","modified_gmt":"2023-11-15T10:46:44","slug":"glam-web-of-delicacy-collar","status":"publish","type":"product","link":"https:\/\/bailaluna.nl\/de\/shop\/kraag\/glam-web-of-delicacy-collar\/","title":{"rendered":"Glamour\u00f6ses Web-of-Delicacy-Halsband"},"content":{"rendered":"<p>Betreten Sie die Welt purer Eleganz mit unserem Halsband \u201eGlam Web of Delicacy\u201c. Dieses wundersch\u00f6ne St\u00fcck vereint die Raffinesse eines faszinierenden Webmusters mit dem Glanz von Glamour. Die zarten Details und funkelnden Akzente schaffen ein zeitloses Accessoire, das Ihren Stil zum Leben erweckt. Tragen Sie das \u201eGlam Web of Delicacy Collar\u201c und erstrahlen Sie als Symbol raffinierter Sch\u00f6nheit. Es verleiht Ihrem Look einen Hauch von geheimnisvollem Charme, perfekt f\u00fcr besondere Anl\u00e4sse und glamour\u00f6se Abende.<\/p>\n<ul>\n<li>Handgefertigt<\/li>\n<li>Der Verschluss kann im Nacken oder im Nacken getragen werden<\/li>\n<li>Detail aus Perlen und Pailletten<\/li>\n<li>Durchscheinender, atmungsaktiver Stoff<\/li>\n<li>Gittergewebe<\/li>\n<li>Glasperlen<\/li>\n<li>Glassteine<\/li>\n<\/ul>","protected":false},"excerpt":{"rendered":"<p>Betreten Sie die Welt purer Eleganz mit unserem \u201eGlam Web of Delicacy\u201c-Halsband. Dieses wundersch\u00f6ne St\u00fcck kombiniert die Raffinesse eines faszinierenden Webmusters mit dem Glanz<\/p>","protected":false},"featured_media":2916,"template":"","meta":[],"product_brand":[],"product_cat":[15],"product_tag":[],"class_list":{"0":"post-2913","1":"product","2":"type-product","3":"status-publish","4":"has-post-thumbnail","6":"product_cat-kraag","8":"first","9":"instock","10":"taxable","11":"shipping-taxable","12":"purchasable","13":"product-type-simple"},"_links":{"self":[{"href":"https:\/\/bailaluna.nl\/de\/wp-json\/wp\/v2\/product\/2913","targetHints":{"allow":["GET"]}}],"collection":[{"href":"https:\/\/bailaluna.nl\/de\/wp-json\/wp\/v2\/product"}],"about":[{"href":"https:\/\/bailaluna.nl\/de\/wp-json\/wp\/v2\/types\/product"}],"wp:featuredmedia":[{"embeddable":true,"href":"https:\/\/bailaluna.nl\/de\/wp-json\/wp\/v2\/media\/2916"}],"wp:attachment":[{"href":"https:\/\/bailaluna.nl\/de\/wp-json\/wp\/v2\/media?parent=2913"}],"wp:term":[{"taxonomy":"product_brand","embeddable":true,"href":"https:\/\/bailaluna.nl\/de\/wp-json\/wp\/v2\/product_brand?post=2913"},{"taxonomy":"product_cat","embeddable":true,"href":"https:\/\/bailaluna.nl\/de\/wp-json\/wp\/v2\/product_cat?post=2913"},{"taxonomy":"product_tag","embeddable":true,"href":"https:\/\/bailaluna.nl\/de\/wp-json\/wp\/v2\/product_tag?post=2913"}],"curies":[{"name":"wp","href":"https:\/\/api.w.org\/{rel}","templated":true}]}}