{"id":2917,"date":"2023-10-30T18:11:46","date_gmt":"2023-10-30T18:11:46","guid":{"rendered":"https:\/\/bailaluna.nl\/?post_type=product&#038;p=2917"},"modified":"2023-11-22T14:49:28","modified_gmt":"2023-11-22T13:49:28","slug":"golden-circus-fantasy-collar","status":"publish","type":"product","link":"https:\/\/bailaluna.nl\/de\/shop\/kraag\/golden-circus-fantasy-collar\/","title":{"rendered":"Goldenes Zirkus-Fantasie-Halsband"},"content":{"rendered":"<p>Treten Sie ein in die magische Welt des Zirkus mit unserem Halsband \u201eGolden Circus Fantasy\u201c. Dieses markante St\u00fcck vereint den Zauber des Zirkus mit der Pracht von Gold. Die extravaganten Details und das glitzernde Gold ergeben ein zeitloses und einzigartiges Accessoire. Tragen Sie das \u201eGolden Circus Fantasy Collar\u201c und strahlen Sie wie ein Star im gro\u00dfen Zirkuszelt, elegant und strahlend, und verleihen Sie Ihrem Look einen Hauch von Verzauberung, perfekt f\u00fcr festliche Anl\u00e4sse und Tr\u00e4umer, die den Zirkus lieben.<\/p>\n<ul>\n<li>Handgefertigt<\/li>\n<li>Der Verschluss kann im Nacken oder im Nacken getragen werden<\/li>\n<li>Detail aus Perlen und Pailletten<\/li>\n<li>Durchscheinender, atmungsaktiver Stoff<\/li>\n<li>Gittergewebe<\/li>\n<li>Glasperlen<\/li>\n<\/ul>","protected":false},"excerpt":{"rendered":"<p>Betreten Sie die magische Welt des Zirkus mit unserem Halsband \u201eGolden Circus Fantasy\u201c. Dieses auff\u00e4llige St\u00fcck vereint die Magie des Zirkus mit der Pracht von Gold.<\/p>","protected":false},"featured_media":2926,"template":"","meta":[],"product_brand":[],"product_cat":[15],"product_tag":[],"class_list":{"0":"post-2917","1":"product","2":"type-product","3":"status-publish","4":"has-post-thumbnail","6":"product_cat-kraag","8":"first","9":"instock","10":"taxable","11":"shipping-taxable","12":"purchasable","13":"product-type-simple"},"_links":{"self":[{"href":"https:\/\/bailaluna.nl\/de\/wp-json\/wp\/v2\/product\/2917","targetHints":{"allow":["GET"]}}],"collection":[{"href":"https:\/\/bailaluna.nl\/de\/wp-json\/wp\/v2\/product"}],"about":[{"href":"https:\/\/bailaluna.nl\/de\/wp-json\/wp\/v2\/types\/product"}],"wp:featuredmedia":[{"embeddable":true,"href":"https:\/\/bailaluna.nl\/de\/wp-json\/wp\/v2\/media\/2926"}],"wp:attachment":[{"href":"https:\/\/bailaluna.nl\/de\/wp-json\/wp\/v2\/media?parent=2917"}],"wp:term":[{"taxonomy":"product_brand","embeddable":true,"href":"https:\/\/bailaluna.nl\/de\/wp-json\/wp\/v2\/product_brand?post=2917"},{"taxonomy":"product_cat","embeddable":true,"href":"https:\/\/bailaluna.nl\/de\/wp-json\/wp\/v2\/product_cat?post=2917"},{"taxonomy":"product_tag","embeddable":true,"href":"https:\/\/bailaluna.nl\/de\/wp-json\/wp\/v2\/product_tag?post=2917"}],"curies":[{"name":"wp","href":"https:\/\/api.w.org\/{rel}","templated":true}]}}