{"id":2929,"date":"2023-10-30T19:13:50","date_gmt":"2023-10-30T19:13:50","guid":{"rendered":"https:\/\/bailaluna.nl\/?post_type=product&#038;p=2929"},"modified":"2023-11-30T16:39:07","modified_gmt":"2023-11-30T15:39:07","slug":"golden-circoloco-collar","status":"publish","type":"product","link":"https:\/\/bailaluna.nl\/de\/shop\/kraag\/golden-circoloco-collar\/","title":{"rendered":"Goldenes Circoloco-Halsband"},"content":{"rendered":"<p class=\"p1\">Lassen Sie sich mit unserem Halsband \u201eGolden Circoloco\u201c in die Welt der festlichen Eleganz entf\u00fchren. Dieses markante St\u00fcck vereint den lebendigen Geist des Zirkus mit der Raffinesse von Gold. Die auff\u00e4lligen Designelemente und das funkelnde Gold ergeben ein zeitloses und einzigartiges Accessoire. Tragen Sie dieses Halsband und erstrahlen Sie als Mittelpunkt der Party, elegant und strahlend, und verleihen Sie Ihrem Look einen Hauch von Zirkusmagie, perfekt f\u00fcr besondere Anl\u00e4sse und Genie\u00dfer, die das Nachtleben lieben.<\/p>\n<ul>\n<li>Handgefertigt<\/li>\n<li>Der Verschluss kann im Nacken oder im Nacken getragen werden<\/li>\n<li>Detail aus Perlen und Pailletten<\/li>\n<li>Durchscheinender, atmungsaktiver Stoff<\/li>\n<li>Gittergewebe<\/li>\n<li>Glasperlen<\/li>\n<li>Glasperlen in Perlmuttoptik<\/li>\n<\/ul>","protected":false},"excerpt":{"rendered":"<p>Lassen Sie sich mit unserem Halsband \u201eGolden Circoloco\u201c in die Welt der festlichen Eleganz entf\u00fchren. Dieses markante St\u00fcck vereint den lebendigen Geist des Zirkus mit der Raffinesse von Gold. Die auff\u00e4lligen Designelemente und das funkelnde Gold ergeben ein zeitloses und einzigartiges Accessoire. Tragen Sie dieses Halsband und erstrahlen Sie als Mittelpunkt der Party, elegant und strahlend, und verleihen Sie Ihrem Look einen Hauch von Zirkusmagie, perfekt f\u00fcr besondere Anl\u00e4sse und Genie\u00dfer, die das Nachtleben lieben.<\/p>","protected":false},"featured_media":2930,"template":"","meta":[],"product_brand":[],"product_cat":[15],"product_tag":[],"class_list":{"0":"post-2929","1":"product","2":"type-product","3":"status-publish","4":"has-post-thumbnail","6":"product_cat-kraag","8":"first","9":"outofstock","10":"taxable","11":"shipping-taxable","12":"purchasable","13":"product-type-simple"},"_links":{"self":[{"href":"https:\/\/bailaluna.nl\/de\/wp-json\/wp\/v2\/product\/2929","targetHints":{"allow":["GET"]}}],"collection":[{"href":"https:\/\/bailaluna.nl\/de\/wp-json\/wp\/v2\/product"}],"about":[{"href":"https:\/\/bailaluna.nl\/de\/wp-json\/wp\/v2\/types\/product"}],"wp:featuredmedia":[{"embeddable":true,"href":"https:\/\/bailaluna.nl\/de\/wp-json\/wp\/v2\/media\/2930"}],"wp:attachment":[{"href":"https:\/\/bailaluna.nl\/de\/wp-json\/wp\/v2\/media?parent=2929"}],"wp:term":[{"taxonomy":"product_brand","embeddable":true,"href":"https:\/\/bailaluna.nl\/de\/wp-json\/wp\/v2\/product_brand?post=2929"},{"taxonomy":"product_cat","embeddable":true,"href":"https:\/\/bailaluna.nl\/de\/wp-json\/wp\/v2\/product_cat?post=2929"},{"taxonomy":"product_tag","embeddable":true,"href":"https:\/\/bailaluna.nl\/de\/wp-json\/wp\/v2\/product_tag?post=2929"}],"curies":[{"name":"wp","href":"https:\/\/api.w.org\/{rel}","templated":true}]}}