{"id":2937,"date":"2023-10-31T08:26:12","date_gmt":"2023-10-31T08:26:12","guid":{"rendered":"https:\/\/bailaluna.nl\/?post_type=product&#038;p=2937"},"modified":"2023-11-23T10:48:20","modified_gmt":"2023-11-23T09:48:20","slug":"golden-luxury-layers-collar","status":"publish","type":"product","link":"https:\/\/bailaluna.nl\/de\/shop\/kraag\/golden-luxury-layers-collar\/","title":{"rendered":"Goldenes Sonnenblumenhalsband"},"content":{"rendered":"<p>Lassen Sie sich von der fr\u00f6hlichen Sch\u00f6nheit unseres Halsbandes \u201eSonnenblume\u201c verzaubern. Dieses wundersch\u00f6ne St\u00fcck f\u00e4ngt die lebendige Energie sonniger Tage mit dem Charme von Perlen ein. Die strahlenden Farben und verspielten Designelemente schaffen ein zeitloses Accessoire, das Ihren Stil zum Leben erweckt. Tragen Sie das \u201eSonnenblumenhalsband\u201c und strahlen Sie als Symbol f\u00fcr Freude und sonnige Pracht, elegant und fr\u00f6hlich, und verleihen Sie Ihrem Look einen Hauch nat\u00fcrlicher Sch\u00f6nheit, perfekt f\u00fcr jeden Anlass und Liebhaber von floralem Charme.<\/p>\n<ul>\n<li class=\"p1\"><span class=\"s1\">Handgefertigt<\/span><\/li>\n<li class=\"p1\"><span class=\"s1\">Der Verschluss kann im Nacken oder im Nacken erfolgen <\/span><span class=\"s1\">getragen wird<\/span><\/li>\n<li class=\"p1\"><span class=\"s1\">Durchscheinender, atmungsaktiver Stoff<\/span><\/li>\n<li class=\"p1\"><span class=\"s1\">Gittergewebe<\/span><\/li>\n<li class=\"p1\"><span class=\"s1\">Glasperlen<\/span><\/li>\n<li class=\"p1\"><span class=\"s1\">Glasperlen in Perlmuttoptik<\/span><span class=\"s1\"><br \/>\n<\/span><\/li>\n<\/ul>","protected":false},"excerpt":{"rendered":"<p>Lassen Sie sich von der fr\u00f6hlichen Sch\u00f6nheit unseres Halsbandes \u201eSunflower\u201c verzaubern. Dieses wundersch\u00f6ne St\u00fcck f\u00e4ngt die lebendige Energie sonniger Tage mit dem Charme von Perlen ein.<\/p>","protected":false},"featured_media":2940,"template":"","meta":[],"product_brand":[],"product_cat":[15],"product_tag":[],"class_list":{"0":"post-2937","1":"product","2":"type-product","3":"status-publish","4":"has-post-thumbnail","6":"product_cat-kraag","8":"first","9":"instock","10":"taxable","11":"shipping-taxable","12":"purchasable","13":"product-type-simple"},"_links":{"self":[{"href":"https:\/\/bailaluna.nl\/de\/wp-json\/wp\/v2\/product\/2937","targetHints":{"allow":["GET"]}}],"collection":[{"href":"https:\/\/bailaluna.nl\/de\/wp-json\/wp\/v2\/product"}],"about":[{"href":"https:\/\/bailaluna.nl\/de\/wp-json\/wp\/v2\/types\/product"}],"wp:featuredmedia":[{"embeddable":true,"href":"https:\/\/bailaluna.nl\/de\/wp-json\/wp\/v2\/media\/2940"}],"wp:attachment":[{"href":"https:\/\/bailaluna.nl\/de\/wp-json\/wp\/v2\/media?parent=2937"}],"wp:term":[{"taxonomy":"product_brand","embeddable":true,"href":"https:\/\/bailaluna.nl\/de\/wp-json\/wp\/v2\/product_brand?post=2937"},{"taxonomy":"product_cat","embeddable":true,"href":"https:\/\/bailaluna.nl\/de\/wp-json\/wp\/v2\/product_cat?post=2937"},{"taxonomy":"product_tag","embeddable":true,"href":"https:\/\/bailaluna.nl\/de\/wp-json\/wp\/v2\/product_tag?post=2937"}],"curies":[{"name":"wp","href":"https:\/\/api.w.org\/{rel}","templated":true}]}}