{"id":3116,"date":"2023-11-15T10:31:12","date_gmt":"2023-11-15T10:31:12","guid":{"rendered":"https:\/\/bailaluna.nl\/?post_type=product&#038;p=3116"},"modified":"2023-11-15T11:59:11","modified_gmt":"2023-11-15T11:59:11","slug":"golden-sahara-symphony","status":"publish","type":"product","link":"https:\/\/bailaluna.nl\/de\/shop\/macrame-set\/golden-sahara-symphony\/","title":{"rendered":"Goldene Sahara-Symphonie"},"content":{"rendered":"<p>Tauchen Sie mit unserem Golden Sahara Symphony Makramee-Set tief in W\u00fcstentr\u00e4ume ein. Inspiriert von der zeitlosen Sch\u00f6nheit des alten \u00c4gypten ist dieses Set eine Ode an die majest\u00e4tischen D\u00fcnen und geheimnisvollen Oasen der Sahara. Die satten Goldt\u00f6ne strahlen Luxus und Raffinesse aus, perfekt f\u00fcr die moderne Frau, die ihrem Ensemble einen Hauch von historischem Charme verleihen m\u00f6chte.<\/p>\n<ul>\n<li class=\"p1\">Jedes Set ist mit Pr\u00e4zision handgewebt und bringt die wesentlichen Details der Makramee-Kunst zur Geltung.<\/li>\n<li class=\"p1\">Einheitsgr\u00f6\u00dfe, verstellbare Elemente f\u00fcr Komfort<\/li>\n<li class=\"p1\">Der Rock kann mit dem Verschluss vorne oder hinten getragen werden<\/li>\n<li class=\"p1\">Luxuri\u00f6ser Goldton<\/li>\n<li class=\"p1\">Handgewebtes Design<\/li>\n<li class=\"p1\">Historische \u00e4gyptische Einfl\u00fcsse<\/li>\n<\/ul>","protected":false},"excerpt":{"rendered":"<p>Tauchen Sie mit unserem Golden Sahara Symphony Makramee-Set tief in W\u00fcstentr\u00e4ume ein. Inspiriert von der zeitlosen Sch\u00f6nheit des alten \u00c4gypten ist dieses Set eine Ode an die majest\u00e4tischen D\u00fcnen und geheimnisvollen Oasen der Sahara.<\/p>","protected":false},"featured_media":3118,"template":"","meta":[],"product_brand":[],"product_cat":[50],"product_tag":[],"class_list":{"0":"post-3116","1":"product","2":"type-product","3":"status-publish","4":"has-post-thumbnail","6":"product_cat-macrame-set","8":"first","9":"instock","10":"taxable","11":"shipping-taxable","12":"purchasable","13":"product-type-simple"},"_links":{"self":[{"href":"https:\/\/bailaluna.nl\/de\/wp-json\/wp\/v2\/product\/3116","targetHints":{"allow":["GET"]}}],"collection":[{"href":"https:\/\/bailaluna.nl\/de\/wp-json\/wp\/v2\/product"}],"about":[{"href":"https:\/\/bailaluna.nl\/de\/wp-json\/wp\/v2\/types\/product"}],"wp:featuredmedia":[{"embeddable":true,"href":"https:\/\/bailaluna.nl\/de\/wp-json\/wp\/v2\/media\/3118"}],"wp:attachment":[{"href":"https:\/\/bailaluna.nl\/de\/wp-json\/wp\/v2\/media?parent=3116"}],"wp:term":[{"taxonomy":"product_brand","embeddable":true,"href":"https:\/\/bailaluna.nl\/de\/wp-json\/wp\/v2\/product_brand?post=3116"},{"taxonomy":"product_cat","embeddable":true,"href":"https:\/\/bailaluna.nl\/de\/wp-json\/wp\/v2\/product_cat?post=3116"},{"taxonomy":"product_tag","embeddable":true,"href":"https:\/\/bailaluna.nl\/de\/wp-json\/wp\/v2\/product_tag?post=3116"}],"curies":[{"name":"wp","href":"https:\/\/api.w.org\/{rel}","templated":true}]}}