{"id":3131,"date":"2023-11-15T11:44:11","date_gmt":"2023-11-15T11:44:11","guid":{"rendered":"https:\/\/bailaluna.nl\/?post_type=product&#038;p=3131"},"modified":"2023-11-16T17:59:37","modified_gmt":"2023-11-16T16:59:37","slug":"red-anubis-symphony","status":"publish","type":"product","link":"https:\/\/bailaluna.nl\/de\/shop\/macrame-set\/red-anubis-symphony\/","title":{"rendered":"Speichern Sie die Anubis-Symphonie"},"content":{"rendered":"<p>Lassen Sie sich von den tiefen T\u00f6nen des Red Anubis Symphony Makramee-Sets mitrei\u00dfen. Dieses handgewebte Meisterwerk spiegelt die Leidenschaft und Kraft des \u00e4gyptischen Gottes Anubis wider, verk\u00f6rpert in den satten, rubinroten F\u00e4den. Inspiriert von den Geheimnissen des alten \u00c4gypten strahlt dieses Set eine Aura der Majest\u00e4t und des Zaubers aus. Die tiefen Rott\u00f6ne symbolisieren Mut und Liebe, w\u00e4hrend die Makramee-Kunst einer zeitlosen Tradition einen modernen Touch verleiht. Perfekt f\u00fcr besondere Anl\u00e4sse, bei denen Sie sowohl Eleganz als auch St\u00e4rke ausstrahlen m\u00f6chten.<\/p>\n<ul>\n<li class=\"p1\">\n<p class=\"p1\"><span class=\"s1\">Jedes Set ist mit Pr\u00e4zision handgewebt und bringt die wesentlichen Details der Makramee-Kunst zur Geltung.<\/span><\/p>\n<\/li>\n<li class=\"p1\">\n<p class=\"p1\"><span class=\"s1\">Einheitsgr\u00f6\u00dfe, verstellbare Elemente f\u00fcr Komfort <\/span>Der Rock kann mit dem Verschluss vorne oder hinten getragen werden<\/p>\n<\/li>\n<li class=\"p1\">\n<p class=\"p1\">Intensive rubinrote Farbe<\/p>\n<\/li>\n<li class=\"p1\">\n<p class=\"p1\">Raffiniertes handgewebtes Muster<\/p>\n<\/li>\n<li class=\"p1\">\n<p class=\"p1\">Ankl\u00e4nge an die alt\u00e4gyptische Mystik.<\/p>\n<\/li>\n<\/ul>","protected":false},"excerpt":{"rendered":"<p>Laat je meevoeren door de diepe tonen van de Red Anubis Symphony Macram\u00e9 Set. Deze handgeweven meesterwerk weerspiegelt de passie en kracht van de Egyptische god Anubis<\/p>","protected":false},"featured_media":3132,"template":"","meta":[],"product_brand":[],"product_cat":[50],"product_tag":[],"class_list":{"0":"post-3131","1":"product","2":"type-product","3":"status-publish","4":"has-post-thumbnail","6":"product_cat-macrame-set","8":"first","9":"instock","10":"taxable","11":"shipping-taxable","12":"purchasable","13":"product-type-simple"},"_links":{"self":[{"href":"https:\/\/bailaluna.nl\/de\/wp-json\/wp\/v2\/product\/3131","targetHints":{"allow":["GET"]}}],"collection":[{"href":"https:\/\/bailaluna.nl\/de\/wp-json\/wp\/v2\/product"}],"about":[{"href":"https:\/\/bailaluna.nl\/de\/wp-json\/wp\/v2\/types\/product"}],"wp:featuredmedia":[{"embeddable":true,"href":"https:\/\/bailaluna.nl\/de\/wp-json\/wp\/v2\/media\/3132"}],"wp:attachment":[{"href":"https:\/\/bailaluna.nl\/de\/wp-json\/wp\/v2\/media?parent=3131"}],"wp:term":[{"taxonomy":"product_brand","embeddable":true,"href":"https:\/\/bailaluna.nl\/de\/wp-json\/wp\/v2\/product_brand?post=3131"},{"taxonomy":"product_cat","embeddable":true,"href":"https:\/\/bailaluna.nl\/de\/wp-json\/wp\/v2\/product_cat?post=3131"},{"taxonomy":"product_tag","embeddable":true,"href":"https:\/\/bailaluna.nl\/de\/wp-json\/wp\/v2\/product_tag?post=3131"}],"curies":[{"name":"wp","href":"https:\/\/api.w.org\/{rel}","templated":true}]}}