{"id":3135,"date":"2023-11-15T11:56:08","date_gmt":"2023-11-15T11:56:08","guid":{"rendered":"https:\/\/bailaluna.nl\/?post_type=product&#038;p=3135"},"modified":"2023-11-16T17:58:21","modified_gmt":"2023-11-16T16:58:21","slug":"white-nile-symphony","status":"publish","type":"product","link":"https:\/\/bailaluna.nl\/de\/shop\/macrame-set\/white-nile-symphony\/","title":{"rendered":"Symphonie des Wei\u00dfen Nils"},"content":{"rendered":"<p>Tauchen Sie ein in die pure Eleganz des White Nile Symphony Makramee-Sets. Diese handgewebte Kreation erinnert an das glitzernde Wasser des Nils, das durch das Herz des alten \u00c4gypten flie\u00dft. Das makellose Wei\u00df des Makramee symbolisiert Reinheit und Gelassenheit, eine stille Anspielung auf die zeitlose Sch\u00f6nheit der \u00e4gyptischen K\u00f6niginnen. In Kombination mit dezenten Goldakzenten ist dieses Set die perfekte Verk\u00f6rperung klassischer Eleganz mit einem modernen Touch. Tragen Sie es, um bei jedem Anlass ein Gef\u00fchl ruhiger Majest\u00e4t auszustrahlen.<\/p>\n<ul>\n<li class=\"p1\">\n<p class=\"p1\"><span class=\"s1\">Jedes Set ist mit Pr\u00e4zision handgewebt und bringt die wesentlichen Details der Makramee-Kunst zur Geltung.<\/span><\/p>\n<\/li>\n<li class=\"p1\">\n<p class=\"p1\"><span class=\"s1\">Einheitsgr\u00f6\u00dfe, verstellbare Elemente f\u00fcr Komfort <\/span><span class=\"s1\">Der Rock kann mit dem Verschluss vorne oder hinten getragen werden<\/span><\/p>\n<\/li>\n<li class=\"p1\">\n<p class=\"p1\"><span class=\"s1\">Kristallklares Wei\u00df mit goldenen Akzenten<\/span><\/p>\n<\/li>\n<li class=\"p1\">\n<p class=\"p1\"><span class=\"s1\">Zarte handgewebte Details<\/span><\/p>\n<\/li>\n<li class=\"p1\">\n<p class=\"p1\"><span class=\"s1\">Eine Ode an die Raffinesse der alten Welt.<\/span><\/p>\n<p class=\"p1\">\n<\/li>\n<\/ul>","protected":false},"excerpt":{"rendered":"<p>Tauchen Sie ein in die pure Eleganz des White Nile Symphony Makramee-Sets. Diese handgewebte Kreation erinnert an das glitzernde Wasser des Nils, der durch das Herz des alten \u00c4gyptens flie\u00dft.<\/p>","protected":false},"featured_media":3136,"template":"","meta":[],"product_brand":[],"product_cat":[50],"product_tag":[],"class_list":{"0":"post-3135","1":"product","2":"type-product","3":"status-publish","4":"has-post-thumbnail","6":"product_cat-macrame-set","8":"first","9":"instock","10":"taxable","11":"shipping-taxable","12":"purchasable","13":"product-type-simple"},"_links":{"self":[{"href":"https:\/\/bailaluna.nl\/de\/wp-json\/wp\/v2\/product\/3135","targetHints":{"allow":["GET"]}}],"collection":[{"href":"https:\/\/bailaluna.nl\/de\/wp-json\/wp\/v2\/product"}],"about":[{"href":"https:\/\/bailaluna.nl\/de\/wp-json\/wp\/v2\/types\/product"}],"wp:featuredmedia":[{"embeddable":true,"href":"https:\/\/bailaluna.nl\/de\/wp-json\/wp\/v2\/media\/3136"}],"wp:attachment":[{"href":"https:\/\/bailaluna.nl\/de\/wp-json\/wp\/v2\/media?parent=3135"}],"wp:term":[{"taxonomy":"product_brand","embeddable":true,"href":"https:\/\/bailaluna.nl\/de\/wp-json\/wp\/v2\/product_brand?post=3135"},{"taxonomy":"product_cat","embeddable":true,"href":"https:\/\/bailaluna.nl\/de\/wp-json\/wp\/v2\/product_cat?post=3135"},{"taxonomy":"product_tag","embeddable":true,"href":"https:\/\/bailaluna.nl\/de\/wp-json\/wp\/v2\/product_tag?post=3135"}],"curies":[{"name":"wp","href":"https:\/\/api.w.org\/{rel}","templated":true}]}}