{"id":3238,"date":"2023-11-22T14:49:54","date_gmt":"2023-11-22T13:49:54","guid":{"rendered":"https:\/\/bailaluna.nl\/?post_type=product&#038;p=3238"},"modified":"2023-11-28T18:22:43","modified_gmt":"2023-11-28T17:22:43","slug":"golden-luxury-layers-collar-2","status":"publish","type":"product","link":"https:\/\/bailaluna.nl\/de\/shop\/kraag\/golden-luxury-layers-collar-2\/","title":{"rendered":"Goldener, luxuri\u00f6ser Lagenkragen"},"content":{"rendered":"<p>Tauchen Sie ein in pure Eleganz mit unserem Halsband \u201eGolden Luxury Layers\u201c. Dieses meisterhafte St\u00fcck vereint die Pracht von Gold mit vielschichtiger Eleganz. Die reichhaltigen Schichten und das schillernde Gold ergeben ein zeitloses Accessoire, das Ihren Stil auf ein neues Niveau hebt. Tragen Sie den \u201eGolden Luxury Layers Collar\u201c und gl\u00e4nzen Sie wie eine Ikone der Raffinesse und des Luxus. Verleihen Sie Ihrem Look einen Hauch opulenter Sch\u00f6nheit, perfekt f\u00fcr besondere Anl\u00e4sse und alle, die zeitlose Eleganz suchen.<\/p>\n<ul>\n<li class=\"p1\"><span class=\"s1\">Handgefertigt<\/span><\/li>\n<li class=\"p1\"><span class=\"s1\">Der Verschluss kann im Nacken oder im Nacken erfolgen <\/span><span class=\"s1\">getragen wird<\/span><\/li>\n<li class=\"p1\"><span class=\"s1\">Detail aus Perlen und Pailletten<\/span><\/li>\n<li class=\"p1\"><span class=\"s1\">Durchscheinender, atmungsaktiver Stoff<\/span><\/li>\n<li class=\"p1\"><span class=\"s1\">Gittergewebe<\/span><\/li>\n<li class=\"p1\"><span class=\"s1\">Glasperlen<\/span><\/li>\n<li class=\"p1\"><span class=\"s1\">Glasperlen in Perlmuttoptik<\/span><\/li>\n<li class=\"p1\"><span class=\"s1\">Pailletten<br \/>\n<\/span><\/li>\n<\/ul>","protected":false},"excerpt":{"rendered":"<p>Tauchen Sie ein in pure Raffinesse mit unserem \u201eGolden Luxury Layers\u201c-Halsband. Dieses meisterhafte St\u00fcck vereint die Pracht von Gold mit vielschichtiger Eleganz.<\/p>","protected":false},"featured_media":3266,"template":"","meta":[],"product_brand":[],"product_cat":[15],"product_tag":[],"class_list":{"0":"post-3238","1":"product","2":"type-product","3":"status-publish","4":"has-post-thumbnail","6":"product_cat-kraag","8":"first","9":"instock","10":"taxable","11":"shipping-taxable","12":"purchasable","13":"product-type-simple"},"_links":{"self":[{"href":"https:\/\/bailaluna.nl\/de\/wp-json\/wp\/v2\/product\/3238","targetHints":{"allow":["GET"]}}],"collection":[{"href":"https:\/\/bailaluna.nl\/de\/wp-json\/wp\/v2\/product"}],"about":[{"href":"https:\/\/bailaluna.nl\/de\/wp-json\/wp\/v2\/types\/product"}],"wp:featuredmedia":[{"embeddable":true,"href":"https:\/\/bailaluna.nl\/de\/wp-json\/wp\/v2\/media\/3266"}],"wp:attachment":[{"href":"https:\/\/bailaluna.nl\/de\/wp-json\/wp\/v2\/media?parent=3238"}],"wp:term":[{"taxonomy":"product_brand","embeddable":true,"href":"https:\/\/bailaluna.nl\/de\/wp-json\/wp\/v2\/product_brand?post=3238"},{"taxonomy":"product_cat","embeddable":true,"href":"https:\/\/bailaluna.nl\/de\/wp-json\/wp\/v2\/product_cat?post=3238"},{"taxonomy":"product_tag","embeddable":true,"href":"https:\/\/bailaluna.nl\/de\/wp-json\/wp\/v2\/product_tag?post=3238"}],"curies":[{"name":"wp","href":"https:\/\/api.w.org\/{rel}","templated":true}]}}