{"id":3246,"date":"2023-11-23T10:57:12","date_gmt":"2023-11-23T09:57:12","guid":{"rendered":"https:\/\/bailaluna.nl\/?post_type=product&#038;p=3246"},"modified":"2025-07-30T13:45:02","modified_gmt":"2025-07-30T11:45:02","slug":"golden-elemental-collar","status":"publish","type":"product","link":"https:\/\/bailaluna.nl\/de\/shop\/kraag\/golden-elemental-collar\/","title":{"rendered":"Goldenes Elementarhalsband"},"content":{"rendered":"<p>Bereichern Sie Ihren Stil mit dem zeitlosen Charme unseres \u201eGolden Elemental\u201c-Kragens. Dieses Meisterwerk vereint die Pracht des Goldes mit der Urkraft der Natur. Die organischen Designelemente und das strahlende Gold schaffen ein zeitloses Accessoire, das Ihren Stil auf ein neues Niveau hebt. Tragen Sie den \u201eGolden Elemental Collar\u201c und gl\u00e4nzen Sie als Symbol nat\u00fcrlicher Pracht und Raffinesse. Er verleiht Ihrem Look einen Hauch opulenter Sch\u00f6nheit, perfekt f\u00fcr besondere Anl\u00e4sse und alle, die die Kraft der Natur genie\u00dfen.<\/p>\n<ul>\n<li class=\"p1\"><span class=\"s1\">Handgefertigt<\/span><\/li>\n<li class=\"p1\"><span class=\"s1\">Der Verschluss kann im Nacken oder im Nacken erfolgen <\/span><span class=\"s1\">getragen wird<\/span><\/li>\n<li class=\"p1\"><span class=\"s1\">Durchscheinender, atmungsaktiver Stoff<\/span><\/li>\n<li>Detail von Perlen<\/li>\n<li class=\"p1\"><span class=\"s1\">Gittergewebe<\/span><\/li>\n<li class=\"p1\"><span class=\"s1\">Glasperlen<\/span><\/li>\n<li>Glasperlen in Perlmuttoptik<\/li>\n<\/ul>","protected":false},"excerpt":{"rendered":"<p>Werten Sie Ihren Stil mit dem zeitlosen Charme unseres \u201eGolden Elemental\u201c-Halsbands auf. Dieses Meisterwerk vereint die Sch\u00f6nheit von Gold mit der elementaren Kraft der Natur.<\/p>","protected":false},"featured_media":3275,"template":"","meta":[],"product_brand":[],"product_cat":[15],"product_tag":[],"class_list":{"0":"post-3246","1":"product","2":"type-product","3":"status-publish","4":"has-post-thumbnail","6":"product_cat-kraag","8":"first","9":"instock","10":"taxable","11":"shipping-taxable","12":"purchasable","13":"product-type-simple"},"_links":{"self":[{"href":"https:\/\/bailaluna.nl\/de\/wp-json\/wp\/v2\/product\/3246","targetHints":{"allow":["GET"]}}],"collection":[{"href":"https:\/\/bailaluna.nl\/de\/wp-json\/wp\/v2\/product"}],"about":[{"href":"https:\/\/bailaluna.nl\/de\/wp-json\/wp\/v2\/types\/product"}],"wp:featuredmedia":[{"embeddable":true,"href":"https:\/\/bailaluna.nl\/de\/wp-json\/wp\/v2\/media\/3275"}],"wp:attachment":[{"href":"https:\/\/bailaluna.nl\/de\/wp-json\/wp\/v2\/media?parent=3246"}],"wp:term":[{"taxonomy":"product_brand","embeddable":true,"href":"https:\/\/bailaluna.nl\/de\/wp-json\/wp\/v2\/product_brand?post=3246"},{"taxonomy":"product_cat","embeddable":true,"href":"https:\/\/bailaluna.nl\/de\/wp-json\/wp\/v2\/product_cat?post=3246"},{"taxonomy":"product_tag","embeddable":true,"href":"https:\/\/bailaluna.nl\/de\/wp-json\/wp\/v2\/product_tag?post=3246"}],"curies":[{"name":"wp","href":"https:\/\/api.w.org\/{rel}","templated":true}]}}