{"id":3248,"date":"2023-11-23T11:03:06","date_gmt":"2023-11-23T10:03:06","guid":{"rendered":"https:\/\/bailaluna.nl\/?post_type=product&#038;p=3248"},"modified":"2023-11-28T18:46:39","modified_gmt":"2023-11-28T17:46:39","slug":"misty-palace-collar","status":"publish","type":"product","link":"https:\/\/bailaluna.nl\/de\/shop\/kraag\/misty-palace-collar\/","title":{"rendered":"Misty Palace-Kragen"},"content":{"rendered":"<p>Betreten Sie die bezaubernde Welt des Halsbandes \u201eMisty Palace\u201c. Dieses majest\u00e4tische St\u00fcck f\u00e4ngt die Atmosph\u00e4re eines geheimnisvollen, in Nebel geh\u00fcllten Palastes ein. Die eleganten Details und nebligen T\u00f6ne schaffen ein zeitloses Accessoire, das Ihren Stil auf k\u00f6nigliche H\u00f6hen hebt. Tragen Sie den \u201eMisty Palace Collar\u201c und f\u00fchlen Sie sich wie ein Herrscher in einem traumhaften Palast, elegant und strahlend. Er verleiht Ihrem Look einen Hauch k\u00f6niglicher Pracht, perfekt f\u00fcr besondere Anl\u00e4sse und alle, die opulente, k\u00f6nigliche Eleganz lieben.<\/p>\n<ul>\n<li class=\"p1\"><span class=\"s1\">Handgefertigt<\/span><\/li>\n<li class=\"p1\"><span class=\"s1\">Der Verschluss kann im Nacken oder im Nacken erfolgen <\/span><span class=\"s1\">getragen wird<\/span><\/li>\n<li class=\"p1\"><span class=\"s1\">Durchscheinender, atmungsaktiver Stoff<\/span><\/li>\n<li class=\"p1\"><span class=\"s1\">Gittergewebe<\/span><\/li>\n<li>Satin<\/li>\n<li class=\"p1\"><span class=\"s1\">Glasperlen<\/span><\/li>\n<\/ul>","protected":false},"excerpt":{"rendered":"<p>Tauchen Sie ein in die bezaubernde Welt des Halsbandes \u201eMisty Palace\u201c. Dieses majest\u00e4tische Schmuckst\u00fcck f\u00e4ngt die Atmosph\u00e4re eines geheimnisvollen, in Nebel geh\u00fcllten Palastes ein.<\/p>","protected":false},"featured_media":3281,"template":"","meta":[],"product_brand":[],"product_cat":[15],"product_tag":[],"class_list":{"0":"post-3248","1":"product","2":"type-product","3":"status-publish","4":"has-post-thumbnail","6":"product_cat-kraag","8":"first","9":"instock","10":"taxable","11":"shipping-taxable","12":"purchasable","13":"product-type-simple"},"_links":{"self":[{"href":"https:\/\/bailaluna.nl\/de\/wp-json\/wp\/v2\/product\/3248","targetHints":{"allow":["GET"]}}],"collection":[{"href":"https:\/\/bailaluna.nl\/de\/wp-json\/wp\/v2\/product"}],"about":[{"href":"https:\/\/bailaluna.nl\/de\/wp-json\/wp\/v2\/types\/product"}],"wp:featuredmedia":[{"embeddable":true,"href":"https:\/\/bailaluna.nl\/de\/wp-json\/wp\/v2\/media\/3281"}],"wp:attachment":[{"href":"https:\/\/bailaluna.nl\/de\/wp-json\/wp\/v2\/media?parent=3248"}],"wp:term":[{"taxonomy":"product_brand","embeddable":true,"href":"https:\/\/bailaluna.nl\/de\/wp-json\/wp\/v2\/product_brand?post=3248"},{"taxonomy":"product_cat","embeddable":true,"href":"https:\/\/bailaluna.nl\/de\/wp-json\/wp\/v2\/product_cat?post=3248"},{"taxonomy":"product_tag","embeddable":true,"href":"https:\/\/bailaluna.nl\/de\/wp-json\/wp\/v2\/product_tag?post=3248"}],"curies":[{"name":"wp","href":"https:\/\/api.w.org\/{rel}","templated":true}]}}