{"id":3251,"date":"2023-11-23T11:11:19","date_gmt":"2023-11-23T10:11:19","guid":{"rendered":"https:\/\/bailaluna.nl\/?post_type=product&#038;p=3251"},"modified":"2023-11-28T18:57:16","modified_gmt":"2023-11-28T17:57:16","slug":"moonrock-leaf-collar","status":"publish","type":"product","link":"https:\/\/bailaluna.nl\/de\/shop\/kraag\/moonrock-leaf-collar\/","title":{"rendered":"Mondrock-Blatt-Kragen"},"content":{"rendered":"<p>Tauchen Sie ein in die ruhige Pracht der Natur mit unserem Halsband \u201eMoonrock Leaf\u201c. Dieses bezaubernde St\u00fcck vereint den geheimnisvollen Charme von Mondgestein mit der Raffinesse von Blattmotiven. Die detaillierten Designelemente und die Kraft des Schwarz schaffen ein zeitloses Accessoire, das Ihren Stil auf ein neues Niveau hebt. Tragen Sie das \u201eMoonrock Leaf Collar\u201c und sp\u00fcren Sie die beruhigende Kraft der Natur, elegant und strahlend, die Ihrem Look einen Hauch geheimnisvoller Sch\u00f6nheit verleiht, perfekt f\u00fcr Liebhaber der Natur und des ruhigen Stils.<\/p>\n<ul>\n<li class=\"p1\"><span class=\"s1\">Handgefertigt<\/span><\/li>\n<li class=\"p1\"><span class=\"s1\">Der Verschluss kann im Nacken oder im Nacken erfolgen <\/span><span class=\"s1\">getragen wird<\/span><\/li>\n<li class=\"p1\"><span class=\"s1\">Durchscheinender, atmungsaktiver Stoff<\/span><\/li>\n<li class=\"p1\"><span class=\"s1\">Gittergewebe<\/span><\/li>\n<li>Satin<\/li>\n<li class=\"p1\"><span class=\"s1\">Glasperlen<\/span><\/li>\n<\/ul>","protected":false},"excerpt":{"rendered":"<p>Tauchen Sie ein in die stille Sch\u00f6nheit der Natur mit unserem Halsband \u201eMoonrock Leaf\u201c. Dieses bezaubernde Schmuckst\u00fcck vereint den geheimnisvollen Charme von Mondgestein mit der Raffinesse von Blattmotiven.<\/p>","protected":false},"featured_media":3291,"template":"","meta":[],"product_brand":[],"product_cat":[15],"product_tag":[],"class_list":{"0":"post-3251","1":"product","2":"type-product","3":"status-publish","4":"has-post-thumbnail","6":"product_cat-kraag","8":"first","9":"outofstock","10":"taxable","11":"shipping-taxable","12":"purchasable","13":"product-type-simple"},"_links":{"self":[{"href":"https:\/\/bailaluna.nl\/de\/wp-json\/wp\/v2\/product\/3251","targetHints":{"allow":["GET"]}}],"collection":[{"href":"https:\/\/bailaluna.nl\/de\/wp-json\/wp\/v2\/product"}],"about":[{"href":"https:\/\/bailaluna.nl\/de\/wp-json\/wp\/v2\/types\/product"}],"wp:featuredmedia":[{"embeddable":true,"href":"https:\/\/bailaluna.nl\/de\/wp-json\/wp\/v2\/media\/3291"}],"wp:attachment":[{"href":"https:\/\/bailaluna.nl\/de\/wp-json\/wp\/v2\/media?parent=3251"}],"wp:term":[{"taxonomy":"product_brand","embeddable":true,"href":"https:\/\/bailaluna.nl\/de\/wp-json\/wp\/v2\/product_brand?post=3251"},{"taxonomy":"product_cat","embeddable":true,"href":"https:\/\/bailaluna.nl\/de\/wp-json\/wp\/v2\/product_cat?post=3251"},{"taxonomy":"product_tag","embeddable":true,"href":"https:\/\/bailaluna.nl\/de\/wp-json\/wp\/v2\/product_tag?post=3251"}],"curies":[{"name":"wp","href":"https:\/\/api.w.org\/{rel}","templated":true}]}}