{"id":3252,"date":"2023-11-23T11:14:04","date_gmt":"2023-11-23T10:14:04","guid":{"rendered":"https:\/\/bailaluna.nl\/?post_type=product&#038;p=3252"},"modified":"2025-07-30T13:45:01","modified_gmt":"2025-07-30T11:45:01","slug":"golden-multicolor-flowers-collar","status":"publish","type":"product","link":"https:\/\/bailaluna.nl\/de\/shop\/kraag\/golden-multicolor-flowers-collar\/","title":{"rendered":"Goldenes mehrfarbiges Blumenhalsband"},"content":{"rendered":"<p>Betreten Sie eine Welt voller Opulenz und Pracht mit unserem Kragen \u201eGolden Multicolor Flowers\u201c. Dieses auff\u00e4llige St\u00fcck kombiniert den Reichtum von Gold mit der Lebendigkeit mehrfarbiger Blumen. Die detaillierten Blumenmotive und wundersch\u00f6nen Farben ergeben ein zeitloses Accessoire, das Ihren Stil zum Leben erweckt. Tragen Sie das \u201eGolden Multicolor Flowers Collar\u201c und erstrahlen Sie als Symbol nat\u00fcrlicher Pracht und lebendiger Eleganz. Es verleiht Ihrem Look einen Hauch opulenter Sch\u00f6nheit, perfekt f\u00fcr besondere Anl\u00e4sse und Liebhaber farbenfroher Blumen.<\/p>\n<ul>\n<li class=\"p1\"><span class=\"s1\">Handgefertigt<\/span><\/li>\n<li class=\"p1\"><span class=\"s1\">Der Verschluss kann im Nacken oder im Nacken erfolgen <\/span><span class=\"s1\">getragen wird<\/span><\/li>\n<li>Details aus Pailletten und Perlen<\/li>\n<li class=\"p1\"><span class=\"s1\">Durchscheinender, atmungsaktiver Stoff<\/span><\/li>\n<li class=\"p1\"><span class=\"s1\">Gittergewebe<\/span><\/li>\n<li>Satin<\/li>\n<li>Pailletten<\/li>\n<li class=\"p1\"><span class=\"s1\">Glasperlen<\/span><\/li>\n<li>Glasperlen in Perlmuttoptik<\/li>\n<\/ul>","protected":false},"excerpt":{"rendered":"<p>Betreten Sie eine Welt voller Opulenz und Farbtupfer mit unserem Halsband \u201eGolden Multicolour Flowers\u201c. Dieses auff\u00e4llige Schmuckst\u00fcck vereint die Pracht von Gold mit der Lebendigkeit bunter Blumen.<\/p>","protected":false},"featured_media":3294,"template":"","meta":[],"product_brand":[],"product_cat":[15],"product_tag":[],"class_list":{"0":"post-3252","1":"product","2":"type-product","3":"status-publish","4":"has-post-thumbnail","6":"product_cat-kraag","8":"first","9":"instock","10":"taxable","11":"shipping-taxable","12":"purchasable","13":"product-type-simple"},"_links":{"self":[{"href":"https:\/\/bailaluna.nl\/de\/wp-json\/wp\/v2\/product\/3252","targetHints":{"allow":["GET"]}}],"collection":[{"href":"https:\/\/bailaluna.nl\/de\/wp-json\/wp\/v2\/product"}],"about":[{"href":"https:\/\/bailaluna.nl\/de\/wp-json\/wp\/v2\/types\/product"}],"wp:featuredmedia":[{"embeddable":true,"href":"https:\/\/bailaluna.nl\/de\/wp-json\/wp\/v2\/media\/3294"}],"wp:attachment":[{"href":"https:\/\/bailaluna.nl\/de\/wp-json\/wp\/v2\/media?parent=3252"}],"wp:term":[{"taxonomy":"product_brand","embeddable":true,"href":"https:\/\/bailaluna.nl\/de\/wp-json\/wp\/v2\/product_brand?post=3252"},{"taxonomy":"product_cat","embeddable":true,"href":"https:\/\/bailaluna.nl\/de\/wp-json\/wp\/v2\/product_cat?post=3252"},{"taxonomy":"product_tag","embeddable":true,"href":"https:\/\/bailaluna.nl\/de\/wp-json\/wp\/v2\/product_tag?post=3252"}],"curies":[{"name":"wp","href":"https:\/\/api.w.org\/{rel}","templated":true}]}}