{"id":3255,"date":"2023-11-23T15:10:29","date_gmt":"2023-11-23T14:10:29","guid":{"rendered":"https:\/\/bailaluna.nl\/?post_type=product&#038;p=3255"},"modified":"2024-07-24T10:27:49","modified_gmt":"2024-07-24T08:27:49","slug":"golden-sahara-sophistication","status":"publish","type":"product","link":"https:\/\/bailaluna.nl\/de\/shop\/macrame-set\/golden-sahara-sophistication\/","title":{"rendered":"Goldene Sahara-Raffinesse"},"content":{"rendered":"<p>Tauchen Sie ein in die raffinierte Pracht des Golden Sahara Sophistication Makramee-Sets. Jeder Thread in diesem luxuri\u00f6sen Set erz\u00e4hlt eine Geschichte antiker Zivilisationen und W\u00fcstenoasen, getaucht in das warme, goldene Licht der untergehenden Sonne. Die sorgf\u00e4ltig gewebten Muster strahlen die Opulenz pharaonischer Pal\u00e4ste aus, w\u00e4hrend die Goldt\u00f6ne die Ewigkeit der Sandd\u00fcnen widerspiegeln. Mit diesem Set tragen Sie nicht nur ein Accessoire; Sie tragen ein St\u00fcck Geschichte, Kunst und Kultur in sich, das Sie an die Pracht des alten \u00c4gypten erinnert.<\/p>\n<ul>\n<li><span class=\"s1\">Jedes Set ist mit Pr\u00e4zision handgewebt und bringt die wesentlichen Details der Makramee-Kunst zur Geltung<\/span><\/li>\n<li><span class=\"s1\">Einheitsgr\u00f6\u00dfe, verstellbare Elemente f\u00fcr Komfort <\/span><span class=\"s1\">Der Rock kann mit dem Verschluss vorne oder hinten getragen werden<\/span><\/li>\n<li>Faszinierender goldener Blick auf die Sahara<\/li>\n<li>Handgewebt mit Liebe zum Detail<\/li>\n<li>Eine zeitlose Kombination aus Stil und Geschichte.<\/li>\n<li>Makramee<\/li>\n<li>Metall<\/li>\n<\/ul>","protected":false},"excerpt":{"rendered":"<p>Tauchen Sie ein in die raffinierte Pracht des Golden Sahara Sophistication Makramee-Sets. Jeder Faden dieses luxuri\u00f6sen Sets erz\u00e4hlt eine Geschichte von alten Zivilisationen und W\u00fcstenoasen, getaucht in das warme, goldene Licht der untergehenden Sonne.<\/p>","protected":false},"featured_media":3515,"template":"","meta":[],"product_brand":[],"product_cat":[50],"product_tag":[],"class_list":{"0":"post-3255","1":"product","2":"type-product","3":"status-publish","4":"has-post-thumbnail","6":"product_cat-macrame-set","8":"first","9":"outofstock","10":"taxable","11":"shipping-taxable","12":"purchasable","13":"product-type-simple"},"_links":{"self":[{"href":"https:\/\/bailaluna.nl\/de\/wp-json\/wp\/v2\/product\/3255","targetHints":{"allow":["GET"]}}],"collection":[{"href":"https:\/\/bailaluna.nl\/de\/wp-json\/wp\/v2\/product"}],"about":[{"href":"https:\/\/bailaluna.nl\/de\/wp-json\/wp\/v2\/types\/product"}],"wp:featuredmedia":[{"embeddable":true,"href":"https:\/\/bailaluna.nl\/de\/wp-json\/wp\/v2\/media\/3515"}],"wp:attachment":[{"href":"https:\/\/bailaluna.nl\/de\/wp-json\/wp\/v2\/media?parent=3255"}],"wp:term":[{"taxonomy":"product_brand","embeddable":true,"href":"https:\/\/bailaluna.nl\/de\/wp-json\/wp\/v2\/product_brand?post=3255"},{"taxonomy":"product_cat","embeddable":true,"href":"https:\/\/bailaluna.nl\/de\/wp-json\/wp\/v2\/product_cat?post=3255"},{"taxonomy":"product_tag","embeddable":true,"href":"https:\/\/bailaluna.nl\/de\/wp-json\/wp\/v2\/product_tag?post=3255"}],"curies":[{"name":"wp","href":"https:\/\/api.w.org\/{rel}","templated":true}]}}