{"id":3256,"date":"2023-11-23T15:22:37","date_gmt":"2023-11-23T14:22:37","guid":{"rendered":"https:\/\/bailaluna.nl\/?post_type=product&#038;p=3256"},"modified":"2024-07-24T10:27:49","modified_gmt":"2024-07-24T08:27:49","slug":"black-nightfall-sophistication","status":"publish","type":"product","link":"https:\/\/bailaluna.nl\/de\/shop\/macrame-set\/black-nightfall-sophistication\/","title":{"rendered":"Black Nightfall-Raffinesse"},"content":{"rendered":"<p>Betreten Sie eine Welt voller Geheimnisse und Eleganz mit dem Black Nightfall Sophistication Makramee-Set. Jeder Faden dieses Sets ist erf\u00fcllt vom Zauber mondheller N\u00e4chte vor den dunklen Silhouetten der \u00e4gyptischen Pyramiden. Die detaillierten, handgewebten Muster wecken Erinnerungen an alte Legenden und n\u00e4chtliche Zeremonien. Dieses tiefschwarze Set ist nicht nur ein Stil-Statement, sondern auch eine Hommage an die bezaubernden N\u00e4chte des alten \u00c4gypten.<\/p>\n<ul>\n<li><span class=\"s1\">Jedes Set ist mit Pr\u00e4zision handgewebt und bringt die wesentlichen Details der Makramee-Kunst zur Geltung<\/span><\/li>\n<li><span class=\"s1\">Einheitsgr\u00f6\u00dfe, verstellbare Elemente f\u00fcr Komfort <\/span><span class=\"s1\">Der Rock kann mit dem Verschluss vorne oder hinten getragen werden<\/span><\/li>\n<li>Tiefe Schwarzt\u00f6ne, die die Dunkelheit der W\u00fcstennacht widerspiegeln<\/li>\n<li>Sorgf\u00e4ltig handgefertigt, ein Meisterwerk bis ins Detail<\/li>\n<li>Eine verlockende Mischung aus Geschichte, Kunst und n\u00e4chtlicher Sch\u00f6nheit.<\/li>\n<li>Makramee<\/li>\n<li>Metall<\/li>\n<\/ul>","protected":false},"excerpt":{"rendered":"<p>Betreten Sie eine Welt voller Mysterien und Eleganz mit dem Black Nightfall Sophistication Makramee-Set. Jeder Strang dieses Sets ist erf\u00fcllt vom Zauber mondheller N\u00e4chte vor den dunklen Silhouetten der \u00e4gyptischen Pyramiden.<\/p>","protected":false},"featured_media":3518,"template":"","meta":[],"product_brand":[],"product_cat":[50],"product_tag":[],"class_list":{"0":"post-3256","1":"product","2":"type-product","3":"status-publish","4":"has-post-thumbnail","6":"product_cat-macrame-set","8":"first","9":"outofstock","10":"taxable","11":"shipping-taxable","12":"purchasable","13":"product-type-simple"},"_links":{"self":[{"href":"https:\/\/bailaluna.nl\/de\/wp-json\/wp\/v2\/product\/3256","targetHints":{"allow":["GET"]}}],"collection":[{"href":"https:\/\/bailaluna.nl\/de\/wp-json\/wp\/v2\/product"}],"about":[{"href":"https:\/\/bailaluna.nl\/de\/wp-json\/wp\/v2\/types\/product"}],"wp:featuredmedia":[{"embeddable":true,"href":"https:\/\/bailaluna.nl\/de\/wp-json\/wp\/v2\/media\/3518"}],"wp:attachment":[{"href":"https:\/\/bailaluna.nl\/de\/wp-json\/wp\/v2\/media?parent=3256"}],"wp:term":[{"taxonomy":"product_brand","embeddable":true,"href":"https:\/\/bailaluna.nl\/de\/wp-json\/wp\/v2\/product_brand?post=3256"},{"taxonomy":"product_cat","embeddable":true,"href":"https:\/\/bailaluna.nl\/de\/wp-json\/wp\/v2\/product_cat?post=3256"},{"taxonomy":"product_tag","embeddable":true,"href":"https:\/\/bailaluna.nl\/de\/wp-json\/wp\/v2\/product_tag?post=3256"}],"curies":[{"name":"wp","href":"https:\/\/api.w.org\/{rel}","templated":true}]}}