{"id":3257,"date":"2023-11-23T15:39:31","date_gmt":"2023-11-23T14:39:31","guid":{"rendered":"https:\/\/bailaluna.nl\/?post_type=product&#038;p=3257"},"modified":"2023-11-29T16:48:05","modified_gmt":"2023-11-29T15:48:05","slug":"golden-sahara-dreamweave","status":"publish","type":"product","link":"https:\/\/bailaluna.nl\/de\/shop\/macrame-set\/golden-sahara-dreamweave\/","title":{"rendered":"Goldenes Sahara-Traumgewebe"},"content":{"rendered":"<p>Tauchen Sie mit dem Dreamweave Makramee-Set in die reiche Sch\u00f6nheit der Goldenen Sahara ein. Diese goldene Kreation f\u00e4ngt die Essenz sonnenverw\u00f6hnter Sandd\u00fcnen und zeitloser W\u00fcstentr\u00e4ume ein. Jedes Detail wurde sorgf\u00e4ltig von Hand gefertigt und schafft so ein Netz aus Tr\u00e4umen und Mystik. Lassen Sie sich von der W\u00e4rme und dem Glanz dieses Sets verzaubern und tragen Sie den Zauber der Sahara mit sich.<\/p>\n<ul>\n<li><span class=\"s1\">Jedes Set ist mit Pr\u00e4zision handgewebt und bringt die wesentlichen Details der Makramee-Kunst zur Geltung<\/span><\/li>\n<li><span class=\"s1\">Einheitsgr\u00f6\u00dfe, verstellbare Elemente f\u00fcr Komfort <\/span><span class=\"s1\">Der Rock kann mit dem Verschluss vorne oder hinten getragen werden<\/span><\/li>\n<li>Funkelnde Goldt\u00f6ne, die an die dr\u00fcckende Hitze und Pracht der W\u00fcste erinnern<\/li>\n<li>Eine atemberaubende Hommage an die endlose Sch\u00f6nheit und Mystik der Sahara<\/li>\n<li>Makramee<\/li>\n<li>Metall<\/li>\n<\/ul>","protected":false},"excerpt":{"rendered":"<p>Tauchen Sie mit dem Dreamweave Makramee-Set in die \u00fcppige Sch\u00f6nheit der Goldenen Sahara ein. Diese goldene Kreation f\u00e4ngt die Essenz sonnenverw\u00f6hnter Sandd\u00fcnen und zeitloser W\u00fcstentr\u00e4ume ein.<\/p>","protected":false},"featured_media":3533,"template":"","meta":[],"product_brand":[],"product_cat":[50],"product_tag":[],"class_list":{"0":"post-3257","1":"product","2":"type-product","3":"status-publish","4":"has-post-thumbnail","6":"product_cat-macrame-set","8":"first","9":"instock","10":"taxable","11":"shipping-taxable","12":"purchasable","13":"product-type-simple"},"_links":{"self":[{"href":"https:\/\/bailaluna.nl\/de\/wp-json\/wp\/v2\/product\/3257","targetHints":{"allow":["GET"]}}],"collection":[{"href":"https:\/\/bailaluna.nl\/de\/wp-json\/wp\/v2\/product"}],"about":[{"href":"https:\/\/bailaluna.nl\/de\/wp-json\/wp\/v2\/types\/product"}],"wp:featuredmedia":[{"embeddable":true,"href":"https:\/\/bailaluna.nl\/de\/wp-json\/wp\/v2\/media\/3533"}],"wp:attachment":[{"href":"https:\/\/bailaluna.nl\/de\/wp-json\/wp\/v2\/media?parent=3257"}],"wp:term":[{"taxonomy":"product_brand","embeddable":true,"href":"https:\/\/bailaluna.nl\/de\/wp-json\/wp\/v2\/product_brand?post=3257"},{"taxonomy":"product_cat","embeddable":true,"href":"https:\/\/bailaluna.nl\/de\/wp-json\/wp\/v2\/product_cat?post=3257"},{"taxonomy":"product_tag","embeddable":true,"href":"https:\/\/bailaluna.nl\/de\/wp-json\/wp\/v2\/product_tag?post=3257"}],"curies":[{"name":"wp","href":"https:\/\/api.w.org\/{rel}","templated":true}]}}