{"id":3258,"date":"2023-11-23T15:47:01","date_gmt":"2023-11-23T14:47:01","guid":{"rendered":"https:\/\/bailaluna.nl\/?post_type=product&#038;p=3258"},"modified":"2023-11-29T16:36:02","modified_gmt":"2023-11-29T15:36:02","slug":"black-nightfall-mirage-dreamweave","status":"publish","type":"product","link":"https:\/\/bailaluna.nl\/de\/shop\/macrame-set\/black-nightfall-mirage-dreamweave\/","title":{"rendered":"Schwarzes Nightfall Mirage-Traumgewebe"},"content":{"rendered":"<p>Lassen Sie sich von der bezaubernden Dunkelheit der \u201eBlack Nightfall Mirage Dreamwave\u201c mitrei\u00dfen. Dieses Makramee-Set ist eine Symphonie aus Geheimnis und Eleganz, die die Tiefen der n\u00e4chtlichen W\u00fcste einf\u00e4ngt. Das tiefe Schwarz ist von den Schatten der D\u00e4mmerung und den unergr\u00fcndlichen Geheimnissen der Nacht inspiriert. Jeder Knoten und jede Drehung des Makramee wird von Hand gefertigt, wodurch ein Meisterwerk an Textur und Design entsteht. H\u00fcllen Sie sich in dieses Meisterwerk und lassen Sie sich von der Nacht umarmen.<\/p>\n<ul>\n<li><span class=\"s1\">Jedes Set ist mit Pr\u00e4zision handgewebt und bringt die wesentlichen Details der Makramee-Kunst zur Geltung<\/span><\/li>\n<li><span class=\"s1\">Einheitsgr\u00f6\u00dfe, verstellbare Elemente f\u00fcr Komfort <\/span><span class=\"s1\">Der Rock kann mit dem Verschluss vorne oder hinten getragen werden<\/span><\/li>\n<li>Tiefe Schwarzt\u00f6ne, die an die Geheimnisse der n\u00e4chtlichen W\u00fcste erinnern<\/li>\n<li>Eine atemberaubende Darstellung von Geheimnissen und Sch\u00f6nheit, perfekt f\u00fcr alle, die sich nach einem Hauch von Abenteuer und Mystik sehnen<\/li>\n<li>Makramee<\/li>\n<li>Metall<\/li>\n<\/ul>","protected":false},"excerpt":{"rendered":"<p>Laat je meevoeren door de betoverende duisternis van de &#8220;Black Nightfall Mirage Dreamwave&#8221;. Deze Macram\u00e9 Set is een symfonie van mysterie en elegantie, die de diepten van de nachtelijke woestijn vastlegt.<\/p>","protected":false},"featured_media":3526,"template":"","meta":[],"product_brand":[],"product_cat":[50],"product_tag":[],"class_list":{"0":"post-3258","1":"product","2":"type-product","3":"status-publish","4":"has-post-thumbnail","6":"product_cat-macrame-set","8":"first","9":"instock","10":"taxable","11":"shipping-taxable","12":"purchasable","13":"product-type-simple"},"_links":{"self":[{"href":"https:\/\/bailaluna.nl\/de\/wp-json\/wp\/v2\/product\/3258","targetHints":{"allow":["GET"]}}],"collection":[{"href":"https:\/\/bailaluna.nl\/de\/wp-json\/wp\/v2\/product"}],"about":[{"href":"https:\/\/bailaluna.nl\/de\/wp-json\/wp\/v2\/types\/product"}],"wp:featuredmedia":[{"embeddable":true,"href":"https:\/\/bailaluna.nl\/de\/wp-json\/wp\/v2\/media\/3526"}],"wp:attachment":[{"href":"https:\/\/bailaluna.nl\/de\/wp-json\/wp\/v2\/media?parent=3258"}],"wp:term":[{"taxonomy":"product_brand","embeddable":true,"href":"https:\/\/bailaluna.nl\/de\/wp-json\/wp\/v2\/product_brand?post=3258"},{"taxonomy":"product_cat","embeddable":true,"href":"https:\/\/bailaluna.nl\/de\/wp-json\/wp\/v2\/product_cat?post=3258"},{"taxonomy":"product_tag","embeddable":true,"href":"https:\/\/bailaluna.nl\/de\/wp-json\/wp\/v2\/product_tag?post=3258"}],"curies":[{"name":"wp","href":"https:\/\/api.w.org\/{rel}","templated":true}]}}