{"id":3261,"date":"2023-11-23T16:09:52","date_gmt":"2023-11-23T15:09:52","guid":{"rendered":"https:\/\/bailaluna.nl\/?post_type=product&#038;p=3261"},"modified":"2024-06-19T19:35:37","modified_gmt":"2024-06-19T17:35:37","slug":"red-anubis-cleopatra-harness","status":"publish","type":"product","link":"https:\/\/bailaluna.nl\/de\/shop\/macrame-set\/red-anubis-cleopatra-harness\/","title":{"rendered":"Rotes Anubis-Kleopatra-Geschirr"},"content":{"rendered":"<p>Lassen Sie sich von den tiefen, feurigen Farbt\u00f6nen des \u201eRed Anubis Cleopatra Harness\u201c verzaubern. Inspiriert von der Leidenschaft und Kraft Kleopatras und der Mystik des Gottes Anubis ist dieses Makramee-Set eine Hommage an das reiche Erbe des alten \u00c4gypten. Die Rubinf\u00e4den fangen die Essenz \u00e4gyptischer Sonnenunterg\u00e4nge ein, w\u00e4hrend das aufwendige Design die zeitlose Sch\u00f6nheit von Kleopatra w\u00fcrdigt. Ein unverzichtbares St\u00fcck f\u00fcr alle, die sowohl St\u00e4rke als auch Eleganz ausstrahlen m\u00f6chten, ein Symbol k\u00f6niglicher Pracht.<\/p>\n<ul>\n<li><span class=\"s1\">Jedes Set ist mit Pr\u00e4zision handgewebt und bringt die wesentlichen Details der Makramee-Kunst zur Geltung<\/span><\/li>\n<li><span class=\"s1\">Einheitsgr\u00f6\u00dfe, verstellbare Elemente f\u00fcr Komfort <\/span><span class=\"s1\">Der Rock kann mit dem Verschluss vorne oder hinten getragen werden<\/span><\/li>\n<li>Tiefe Rott\u00f6ne, die an das Geheimnis und die Leidenschaft des alten \u00c4gypten erinnern<\/li>\n<li>Ein St\u00fcck, das die St\u00e4rke und Raffinesse von Kleopatra verk\u00f6rpert, ideal f\u00fcr alle, die einen k\u00f6niglichen Auftritt suchen<\/li>\n<li>Makramee<\/li>\n<li>Metall<\/li>\n<\/ul>","protected":false},"excerpt":{"rendered":"<p>Lassen Sie sich von den tiefen, feurigen Farbt\u00f6nen des \u201eRed Anubis Cleopatra Harness\u201c verzaubern. Inspiriert von der Leidenschaft und Kraft Kleopatras und der Mystik des Gottes Anubis, zelebriert dieses Makramee-Set das reiche Erbe des alten \u00c4gypten.<\/p>","protected":false},"featured_media":3822,"template":"","meta":[],"product_brand":[],"product_cat":[50],"product_tag":[],"class_list":{"0":"post-3261","1":"product","2":"type-product","3":"status-publish","4":"has-post-thumbnail","6":"product_cat-macrame-set","8":"first","9":"instock","10":"taxable","11":"shipping-taxable","12":"purchasable","13":"product-type-simple"},"_links":{"self":[{"href":"https:\/\/bailaluna.nl\/de\/wp-json\/wp\/v2\/product\/3261","targetHints":{"allow":["GET"]}}],"collection":[{"href":"https:\/\/bailaluna.nl\/de\/wp-json\/wp\/v2\/product"}],"about":[{"href":"https:\/\/bailaluna.nl\/de\/wp-json\/wp\/v2\/types\/product"}],"wp:featuredmedia":[{"embeddable":true,"href":"https:\/\/bailaluna.nl\/de\/wp-json\/wp\/v2\/media\/3822"}],"wp:attachment":[{"href":"https:\/\/bailaluna.nl\/de\/wp-json\/wp\/v2\/media?parent=3261"}],"wp:term":[{"taxonomy":"product_brand","embeddable":true,"href":"https:\/\/bailaluna.nl\/de\/wp-json\/wp\/v2\/product_brand?post=3261"},{"taxonomy":"product_cat","embeddable":true,"href":"https:\/\/bailaluna.nl\/de\/wp-json\/wp\/v2\/product_cat?post=3261"},{"taxonomy":"product_tag","embeddable":true,"href":"https:\/\/bailaluna.nl\/de\/wp-json\/wp\/v2\/product_tag?post=3261"}],"curies":[{"name":"wp","href":"https:\/\/api.w.org\/{rel}","templated":true}]}}