{"id":3262,"date":"2023-11-23T16:14:23","date_gmt":"2023-11-23T15:14:23","guid":{"rendered":"https:\/\/bailaluna.nl\/?post_type=product&#038;p=3262"},"modified":"2024-06-21T15:15:43","modified_gmt":"2024-06-21T13:15:43","slug":"white-nile-cleopatra-harness","status":"publish","type":"product","link":"https:\/\/bailaluna.nl\/de\/shop\/macrame-set\/white-nile-cleopatra-harness\/","title":{"rendered":"Wei\u00dfes Nil-Kleopatra-Geschirr"},"content":{"rendered":"<p>Lassen Sie sich von der funkelnden Klarheit des \u201eWhite Nile Cleopatra Harness\u201c verzaubern. Dieses Makramee-Set verk\u00f6rpert die zeitlose Sch\u00f6nheit und Reinheit des m\u00e4chtigen Nils. Das makellose Wei\u00df erinnert an die strahlenden Sonnenstrahlen, die den Fluss erhellen, w\u00e4hrend das zarte Gewebe die Eleganz von K\u00f6nigin Kleopatra wieder aufleben l\u00e4sst. Jedes Detail, jeder Knopf wird mit Leidenschaft und Pr\u00e4zision handgefertigt, was zu einer unvergleichlichen Textur und einem unvergleichlichen Design f\u00fchrt. H\u00fcllen Sie sich in diese Sch\u00f6nheit und sp\u00fcren Sie die Kraft und Anmut von Kleopatras Erbe.<\/p>\n<ul>\n<li><span class=\"s1\">Jedes Set ist mit Pr\u00e4zision handgewebt und bringt die wesentlichen Details der Makramee-Kunst zur Geltung<\/span><\/li>\n<li><span class=\"s1\">Einheitsgr\u00f6\u00dfe, verstellbare Elemente f\u00fcr Komfort <\/span><span class=\"s1\">Der Rock kann mit dem Verschluss vorne oder hinten getragen werden<\/span><\/li>\n<li>Reines Wei\u00df, Symbol f\u00fcr Reinheit und unber\u00fchrte Natur<\/li>\n<li>Ein bezauberndes St\u00fcck, das sowohl Gelassenheit als auch k\u00f6niglichen Charme ausstrahlt, perfekt f\u00fcr diejenigen, die Raffinesse und Kraft verk\u00f6rpern m\u00f6chten<\/li>\n<li>Makramee<\/li>\n<li>Metall<\/li>\n<\/ul>","protected":false},"excerpt":{"rendered":"<p>Laat je betoveren door de sprankelende helderheid van de &#8220;White Nile Cleopatra Harness&#8221;. Deze Macram\u00e9 Set belichaamt de tijdloze schoonheid en puurheid van de machtige Nijl.<\/p>","protected":false},"featured_media":3825,"template":"","meta":[],"product_brand":[],"product_cat":[50],"product_tag":[],"class_list":{"0":"post-3262","1":"product","2":"type-product","3":"status-publish","4":"has-post-thumbnail","6":"product_cat-macrame-set","8":"first","9":"instock","10":"taxable","11":"shipping-taxable","12":"purchasable","13":"product-type-simple"},"_links":{"self":[{"href":"https:\/\/bailaluna.nl\/de\/wp-json\/wp\/v2\/product\/3262","targetHints":{"allow":["GET"]}}],"collection":[{"href":"https:\/\/bailaluna.nl\/de\/wp-json\/wp\/v2\/product"}],"about":[{"href":"https:\/\/bailaluna.nl\/de\/wp-json\/wp\/v2\/types\/product"}],"wp:featuredmedia":[{"embeddable":true,"href":"https:\/\/bailaluna.nl\/de\/wp-json\/wp\/v2\/media\/3825"}],"wp:attachment":[{"href":"https:\/\/bailaluna.nl\/de\/wp-json\/wp\/v2\/media?parent=3262"}],"wp:term":[{"taxonomy":"product_brand","embeddable":true,"href":"https:\/\/bailaluna.nl\/de\/wp-json\/wp\/v2\/product_brand?post=3262"},{"taxonomy":"product_cat","embeddable":true,"href":"https:\/\/bailaluna.nl\/de\/wp-json\/wp\/v2\/product_cat?post=3262"},{"taxonomy":"product_tag","embeddable":true,"href":"https:\/\/bailaluna.nl\/de\/wp-json\/wp\/v2\/product_tag?post=3262"}],"curies":[{"name":"wp","href":"https:\/\/api.w.org\/{rel}","templated":true}]}}