{"id":3263,"date":"2023-11-23T16:19:33","date_gmt":"2023-11-23T15:19:33","guid":{"rendered":"https:\/\/bailaluna.nl\/?post_type=product&#038;p=3263"},"modified":"2024-06-19T19:42:39","modified_gmt":"2024-06-19T17:42:39","slug":"black-nightfall-cleopatra-harness","status":"publish","type":"product","link":"https:\/\/bailaluna.nl\/de\/shop\/macrame-set\/black-nightfall-cleopatra-harness\/","title":{"rendered":"Schwarzes Kleopatra-Geschirr bei Einbruch der Dunkelheit"},"content":{"rendered":"<p>Tauchen Sie tief ein in die bezaubernden Schatten des \u201eBlack Nightfall Cleopatra Harness\u201c. Dieses Makramee-Set spiegelt den r\u00e4tselhaften Charme und die Kraft der legend\u00e4ren Kleopatra wider, eingeh\u00fcllt in die Geheimnisse der Nacht. Das tiefe Schwarz symbolisiert die unergr\u00fcndlichen Tiefen des Abends, w\u00e4hrend das faszinierende Makramee-Design eine Hommage an die K\u00f6nigin des Nils ist. Jeder Knopf, jedes Detail wird mit Sorgfalt und handwerklichem K\u00f6nnen handgefertigt, was ein Kunstwerk aus Textur und Stil ergibt. Tragen Sie diese Sch\u00f6nheit und sp\u00fcren Sie die magnetische Anziehungskraft der n\u00e4chtlichen W\u00fcste und Kleopatras unbezwingbaren Geist.<\/p>\n<ul>\n<li><span class=\"s1\">Jedes Set ist mit Pr\u00e4zision handgewebt und bringt die wesentlichen Details der Makramee-Kunst zur Geltung<\/span><\/li>\n<li><span class=\"s1\">Einheitsgr\u00f6\u00dfe, verstellbare Elemente f\u00fcr Komfort <\/span><span class=\"s1\">Der Rock kann mit dem Verschluss vorne oder hinten getragen werden<\/span><\/li>\n<li>Tiefe Schwarzt\u00f6ne, die an die Geheimnisse der n\u00e4chtlichen W\u00fcste erinnern<\/li>\n<li>Eine atemberaubende Darstellung von Geheimnissen und Sch\u00f6nheit, perfekt f\u00fcr alle, die sich nach einem Hauch von Abenteuer und Mystik sehnen<\/li>\n<li>Makramee<\/li>\n<li>Metall<\/li>\n<\/ul>","protected":false},"excerpt":{"rendered":"<p>Tauchen Sie tief in die bezaubernden Schatten des \u201eBlack Nightfall Cleopatra Harness\u201c ein. Dieses Makramee-Set spiegelt den r\u00e4tselhaften Charme und die Macht der legend\u00e4ren Kleopatra wider, eingeh\u00fcllt in die Geheimnisse der Nacht.<\/p>","protected":false},"featured_media":3828,"template":"","meta":[],"product_brand":[],"product_cat":[50],"product_tag":[],"class_list":{"0":"post-3263","1":"product","2":"type-product","3":"status-publish","4":"has-post-thumbnail","6":"product_cat-macrame-set","8":"first","9":"instock","10":"taxable","11":"shipping-taxable","12":"purchasable","13":"product-type-simple"},"_links":{"self":[{"href":"https:\/\/bailaluna.nl\/de\/wp-json\/wp\/v2\/product\/3263","targetHints":{"allow":["GET"]}}],"collection":[{"href":"https:\/\/bailaluna.nl\/de\/wp-json\/wp\/v2\/product"}],"about":[{"href":"https:\/\/bailaluna.nl\/de\/wp-json\/wp\/v2\/types\/product"}],"wp:featuredmedia":[{"embeddable":true,"href":"https:\/\/bailaluna.nl\/de\/wp-json\/wp\/v2\/media\/3828"}],"wp:attachment":[{"href":"https:\/\/bailaluna.nl\/de\/wp-json\/wp\/v2\/media?parent=3263"}],"wp:term":[{"taxonomy":"product_brand","embeddable":true,"href":"https:\/\/bailaluna.nl\/de\/wp-json\/wp\/v2\/product_brand?post=3263"},{"taxonomy":"product_cat","embeddable":true,"href":"https:\/\/bailaluna.nl\/de\/wp-json\/wp\/v2\/product_cat?post=3263"},{"taxonomy":"product_tag","embeddable":true,"href":"https:\/\/bailaluna.nl\/de\/wp-json\/wp\/v2\/product_tag?post=3263"}],"curies":[{"name":"wp","href":"https:\/\/api.w.org\/{rel}","templated":true}]}}