{"id":3264,"date":"2023-11-23T16:34:41","date_gmt":"2023-11-23T15:34:41","guid":{"rendered":"https:\/\/bailaluna.nl\/?post_type=product&#038;p=3264"},"modified":"2024-06-19T19:48:41","modified_gmt":"2024-06-19T17:48:41","slug":"white-nile-desert-dawn-delicacy","status":"publish","type":"product","link":"https:\/\/bailaluna.nl\/de\/shop\/macrame-set\/white-nile-desert-dawn-delicacy\/","title":{"rendered":"Delikatesse der White Nile Desert Dawn"},"content":{"rendered":"<p>Lassen Sie sich vom sanften Glanz der \u201eWhite Nile Desert Dawn Delicacy\u201c umh\u00fcllen. Dieses Makramee-Kleid ist eine Ode an die sanfte Morgend\u00e4mmerung, die die Ufer des Nils k\u00fcsst. Das strahlende Wei\u00df reflektiert die ersten Sonnenstrahlen, die auf dem W\u00fcstensand glitzern, und das zarte, handgekn\u00fcpfte Makramee-Design spiegelt die komplexe Sch\u00f6nheit der Landschaft wider. Jeder Knopf, jede Faser wird mit Pr\u00e4zision und Liebe verarbeitet, sodass ein Kleidungsst\u00fcck entsteht, das sowohl elegant als auch zeitlos ist. Tragen Sie dieses Kleid und f\u00fchlen Sie sich eins mit der heiteren Atmosph\u00e4re einer W\u00fcste bei Sonnenaufgang und den endlosen Str\u00f6mungen des Nils.<\/p>\n<ul>\n<li><span class=\"s1\">Jedes Set ist mit Pr\u00e4zision handgewebt und bringt die wesentlichen Details der Makramee-Kunst zur Geltung<\/span><\/li>\n<li><span class=\"s1\">Einheitsgr\u00f6\u00dfe, verstellbare Elemente f\u00fcr Komfort <\/span><span class=\"s1\">Der Rock kann mit dem Verschluss vorne oder hinten getragen werden<\/span><\/li>\n<li>Reines Wei\u00df, Symbol f\u00fcr Reinheit und unber\u00fchrte Natur<\/li>\n<li>Ein bezauberndes St\u00fcck, das sowohl Gelassenheit als auch k\u00f6niglichen Charme ausstrahlt, perfekt f\u00fcr diejenigen, die Raffinesse und Kraft verk\u00f6rpern m\u00f6chten<\/li>\n<li>Makramee<\/li>\n<li>Metall<\/li>\n<\/ul>","protected":false},"excerpt":{"rendered":"<p>Laat je omhullen door de zachte gloed van de &#8220;White Nile Desert Dawn Delicacy&#8221;. Deze Macram\u00e9 Jurk is een ode aan de zachte dageraad die de oevers van de Nijl kust.<\/p>","protected":false},"featured_media":3833,"template":"","meta":[],"product_brand":[],"product_cat":[50],"product_tag":[],"class_list":{"0":"post-3264","1":"product","2":"type-product","3":"status-publish","4":"has-post-thumbnail","6":"product_cat-macrame-set","8":"first","9":"instock","10":"taxable","11":"shipping-taxable","12":"purchasable","13":"product-type-simple"},"_links":{"self":[{"href":"https:\/\/bailaluna.nl\/de\/wp-json\/wp\/v2\/product\/3264","targetHints":{"allow":["GET"]}}],"collection":[{"href":"https:\/\/bailaluna.nl\/de\/wp-json\/wp\/v2\/product"}],"about":[{"href":"https:\/\/bailaluna.nl\/de\/wp-json\/wp\/v2\/types\/product"}],"wp:featuredmedia":[{"embeddable":true,"href":"https:\/\/bailaluna.nl\/de\/wp-json\/wp\/v2\/media\/3833"}],"wp:attachment":[{"href":"https:\/\/bailaluna.nl\/de\/wp-json\/wp\/v2\/media?parent=3264"}],"wp:term":[{"taxonomy":"product_brand","embeddable":true,"href":"https:\/\/bailaluna.nl\/de\/wp-json\/wp\/v2\/product_brand?post=3264"},{"taxonomy":"product_cat","embeddable":true,"href":"https:\/\/bailaluna.nl\/de\/wp-json\/wp\/v2\/product_cat?post=3264"},{"taxonomy":"product_tag","embeddable":true,"href":"https:\/\/bailaluna.nl\/de\/wp-json\/wp\/v2\/product_tag?post=3264"}],"curies":[{"name":"wp","href":"https:\/\/api.w.org\/{rel}","templated":true}]}}