{"id":2860,"date":"2023-10-29T10:58:56","date_gmt":"2023-10-29T10:58:56","guid":{"rendered":"https:\/\/bailaluna.nl\/?page_id=2860"},"modified":"2023-10-30T18:39:48","modified_gmt":"2023-10-30T18:39:48","slug":"retouneren","status":"publish","type":"page","link":"https:\/\/bailaluna.nl\/fr\/retouneren\/","title":{"rendered":"Retour"},"content":{"rendered":"<section class=\"l-section wpb_row height_huge\"><div class=\"l-section-h i-cf\"><div class=\"g-cols vc_row via_grid cols_1 laptops-cols_inherit tablets-cols_inherit mobiles-cols_1 valign_top type_default stacking_default\"><div class=\"wpb_column vc_column_container\"><div class=\"vc_column-inner\"><div class=\"wpb_text_column\"><div class=\"wpb_wrapper\"><h2>Processus de retours\u00a0:<\/h2>\n<p>Si vous d\u00e9cidez de retourner un produit, nous vous demandons de bien vouloir nous contacter d&#039;abord via l&#039;adresse e-mail suivante : info@bailaluna.nl. Notre \u00e9quipe d\u00e9di\u00e9e vous fournira toutes les informations et conseils n\u00e9cessaires pour un retour en douceur.<\/p>\n<h2>\u00c9tat du produit retourn\u00e9 :<\/h2>\n<p>Nous appr\u00e9cions votre satisfaction avec nos produits. Lors du retour d&#039;un article, il est essentiel qu&#039;il soit dans son \u00e9tat d&#039;origine et non utilis\u00e9. Cela inclut \u00e9galement tous les accessoires et la documentation associ\u00e9s. Veuillez noter que les produits endommag\u00e9s, pr\u00e9sentant des signes \u00e9vidents d&#039;utilisation ou incomplets peuvent ne pas \u00eatre \u00e9ligibles \u00e0 un remboursement complet et pourront \u00eatre retourn\u00e9s.<\/p>\n<h2>Remboursement:<\/h2>\n<p>Apr\u00e8s avoir re\u00e7u et inspect\u00e9 le produit retourn\u00e9, nous visons \u00e0 rembourser le montant total de l&#039;achat sur votre compte dans les 14 jours ouvrables. Les \u00e9ventuelles d\u00e9ductions ne seront effectu\u00e9es qu&#039;en cas de dommages au produit ou d&#039;\u00e9l\u00e9ments manquants, et cela vous sera clairement communiqu\u00e9.<\/p>\n<p>Votre satisfaction est notre priorit\u00e9 absolue et nous sommes pr\u00eats \u00e0 vous aider \u00e0 chaque \u00e9tape du processus de retour. Pour d\u2019autres questions ou assistance, n\u2019h\u00e9sitez pas \u00e0 nous contacter \u00e0 info@bailaluna.nl. Merci pour votre confiance en Bailaluna.<\/p>\n<p>Cordialement,<\/p>\n<p>L&#039;\u00e9quipe de la boutique en ligne Bailaluna<\/p>\n<\/div><\/div><\/div><\/div><\/div><\/div><\/section>","protected":false},"excerpt":{"rendered":"Proc\u00e9dure de retour\u00a0: Si vous souhaitez retourner un produit, veuillez d&#039;abord nous contacter \u00e0 l&#039;adresse e-mail suivante\u00a0: info@bailaluna.nl. Notre \u00e9quipe d\u00e9di\u00e9e vous fournira toutes les informations et les conseils n\u00e9cessaires pour un retour en douceur. \u00c9tat du produit retourn\u00e9\u00a0: Nous vous remercions de votre satisfaction concernant notre...","protected":false},"author":1,"featured_media":0,"parent":0,"menu_order":0,"comment_status":"closed","ping_status":"closed","template":"","meta":{"footnotes":""},"class_list":["post-2860","page","type-page","status-publish","hentry"],"_links":{"self":[{"href":"https:\/\/bailaluna.nl\/fr\/wp-json\/wp\/v2\/pages\/2860","targetHints":{"allow":["GET"]}}],"collection":[{"href":"https:\/\/bailaluna.nl\/fr\/wp-json\/wp\/v2\/pages"}],"about":[{"href":"https:\/\/bailaluna.nl\/fr\/wp-json\/wp\/v2\/types\/page"}],"author":[{"embeddable":true,"href":"https:\/\/bailaluna.nl\/fr\/wp-json\/wp\/v2\/users\/1"}],"replies":[{"embeddable":true,"href":"https:\/\/bailaluna.nl\/fr\/wp-json\/wp\/v2\/comments?post=2860"}],"version-history":[{"count":3,"href":"https:\/\/bailaluna.nl\/fr\/wp-json\/wp\/v2\/pages\/2860\/revisions"}],"predecessor-version":[{"id":2921,"href":"https:\/\/bailaluna.nl\/fr\/wp-json\/wp\/v2\/pages\/2860\/revisions\/2921"}],"wp:attachment":[{"href":"https:\/\/bailaluna.nl\/fr\/wp-json\/wp\/v2\/media?parent=2860"}],"curies":[{"name":"wp","href":"https:\/\/api.w.org\/{rel}","templated":true}]}}