{"id":3537,"date":"2023-11-29T16:54:02","date_gmt":"2023-11-29T15:54:02","guid":{"rendered":"https:\/\/bailaluna.nl\/?page_id=3537"},"modified":"2026-01-19T16:13:51","modified_gmt":"2026-01-19T15:13:51","slug":"egyptian-elegance-cleopatra-chic","status":"publish","type":"page","link":"https:\/\/bailaluna.nl\/fr\/egyptian-elegance-cleopatra-chic\/","title":{"rendered":"\u00c9l\u00e9gance \u00e9gyptienne\u00a0: Cl\u00e9op\u00e2tre Chic"},"content":{"rendered":"<section class=\"l-section wpb_row height_huge\"><div class=\"l-section-h i-cf\"><div class=\"g-cols vc_row via_grid cols_1 laptops-cols_inherit tablets-cols_inherit mobiles-cols_1 valign_top type_default stacking_default\"><div class=\"wpb_column vc_column_container\"><div class=\"vc_column-inner\"><h1 class=\"w-post-elm post_title align_center entry-title color_link_inherit\">\u00c9l\u00e9gance \u00e9gyptienne\u00a0: Cl\u00e9op\u00e2tre Chic<\/h1><div class=\"w-separator size_medium\"><\/div><div class=\"w-grid-none type_message\">Aucun r\u00e9sultat.<\/div><\/div><\/div><\/div><\/div><\/section>","protected":false},"excerpt":{"rendered":"\u00c9l\u00e9gance \u00e9gyptienne : r\u00e9sultat Cl\u00e9op\u00e2tre ChicAucun.","protected":false},"author":1,"featured_media":0,"parent":0,"menu_order":0,"comment_status":"closed","ping_status":"closed","template":"","meta":{"footnotes":""},"class_list":["post-3537","page","type-page","status-publish","hentry"],"_links":{"self":[{"href":"https:\/\/bailaluna.nl\/fr\/wp-json\/wp\/v2\/pages\/3537","targetHints":{"allow":["GET"]}}],"collection":[{"href":"https:\/\/bailaluna.nl\/fr\/wp-json\/wp\/v2\/pages"}],"about":[{"href":"https:\/\/bailaluna.nl\/fr\/wp-json\/wp\/v2\/types\/page"}],"author":[{"embeddable":true,"href":"https:\/\/bailaluna.nl\/fr\/wp-json\/wp\/v2\/users\/1"}],"replies":[{"embeddable":true,"href":"https:\/\/bailaluna.nl\/fr\/wp-json\/wp\/v2\/comments?post=3537"}],"version-history":[{"count":5,"href":"https:\/\/bailaluna.nl\/fr\/wp-json\/wp\/v2\/pages\/3537\/revisions"}],"predecessor-version":[{"id":3919,"href":"https:\/\/bailaluna.nl\/fr\/wp-json\/wp\/v2\/pages\/3537\/revisions\/3919"}],"wp:attachment":[{"href":"https:\/\/bailaluna.nl\/fr\/wp-json\/wp\/v2\/media?parent=3537"}],"curies":[{"name":"wp","href":"https:\/\/api.w.org\/{rel}","templated":true}]}}