{"id":47,"date":"2019-08-16T15:39:58","date_gmt":"2019-08-16T15:39:58","guid":{"rendered":"http:\/\/impreza14.us-themes.com\/?page_id=47"},"modified":"2023-11-14T18:09:42","modified_gmt":"2023-11-14T18:09:42","slug":"shipping","status":"publish","type":"page","link":"https:\/\/bailaluna.nl\/fr\/shipping\/","title":{"rendered":"Exp\u00e9dition"},"content":{"rendered":"<section class=\"l-section wpb_row height_huge\"><div class=\"l-section-h i-cf\"><div class=\"g-cols vc_row via_grid cols_2 laptops-cols_inherit tablets-cols_inherit mobiles-cols_1 valign_top type_default stacking_default\"><div class=\"wpb_column vc_column_container\"><div class=\"vc_column-inner\"><div class=\"wpb_text_column\"><div class=\"wpb_wrapper\"><h2>Les d\u00e9tails d&#039;exp\u00e9dition<\/h2>\n<ul>\n<li>Livraison gratuite \u00e0 partir de 100\u20ac\u00a0<\/li>\n<li>Les commandes sont exp\u00e9di\u00e9es dans un d\u00e9lai de 1 \u00e0 3 jours ouvrables\u00a0<\/li>\n<li>Exp\u00e9dition pr\u00e9vue sous 5 jours<\/li>\n<\/ul>\n<\/div><\/div><\/div><\/div><\/div><\/div><\/section>","protected":false},"excerpt":{"rendered":"Shipping Details Gratis verzending vanaf 100,-\u00a0 Orders worden verzonden binnen 1-3 werkdagen\u00a0 Verwachte verzending binnen 5 dagen","protected":false},"author":1,"featured_media":0,"parent":0,"menu_order":0,"comment_status":"closed","ping_status":"closed","template":"","meta":{"footnotes":""},"class_list":["post-47","page","type-page","status-publish","hentry"],"_links":{"self":[{"href":"https:\/\/bailaluna.nl\/fr\/wp-json\/wp\/v2\/pages\/47","targetHints":{"allow":["GET"]}}],"collection":[{"href":"https:\/\/bailaluna.nl\/fr\/wp-json\/wp\/v2\/pages"}],"about":[{"href":"https:\/\/bailaluna.nl\/fr\/wp-json\/wp\/v2\/types\/page"}],"author":[{"embeddable":true,"href":"https:\/\/bailaluna.nl\/fr\/wp-json\/wp\/v2\/users\/1"}],"replies":[{"embeddable":true,"href":"https:\/\/bailaluna.nl\/fr\/wp-json\/wp\/v2\/comments?post=47"}],"version-history":[{"count":4,"href":"https:\/\/bailaluna.nl\/fr\/wp-json\/wp\/v2\/pages\/47\/revisions"}],"predecessor-version":[{"id":3029,"href":"https:\/\/bailaluna.nl\/fr\/wp-json\/wp\/v2\/pages\/47\/revisions\/3029"}],"wp:attachment":[{"href":"https:\/\/bailaluna.nl\/fr\/wp-json\/wp\/v2\/media?parent=47"}],"curies":[{"name":"wp","href":"https:\/\/api.w.org\/{rel}","templated":true}]}}