{"id":2901,"date":"2023-10-30T15:41:42","date_gmt":"2023-10-30T15:41:42","guid":{"rendered":"https:\/\/bailaluna.nl\/?post_type=product&#038;p=2901"},"modified":"2023-11-15T10:45:55","modified_gmt":"2023-11-15T10:45:55","slug":"vintage-pink-floral-collar","status":"publish","type":"product","link":"https:\/\/bailaluna.nl\/fr\/shop\/kraag\/vintage-pink-floral-collar\/","title":{"rendered":"Collier Floral Rose Vintage"},"content":{"rendered":"<p>Plongez dans le charme d&#039;antan avec notre collier \u00ab Vintage Pink \u00bb. Cette belle cr\u00e9ation embrasse la nostalgie d&#039;une esth\u00e9tique vintage avec une touche de rose doux. Les d\u00e9tails raffin\u00e9s et la couleur subtile font ressortir une \u00e9l\u00e9gance intemporelle. Portez le \u00ab Vintage Pink Collar \u00bb et remontez le temps avec un style \u00e0 la fois classique et intemporel, ajoutant une touche de charme r\u00e9tro \u00e0 votre look.<\/p>\n<ul>\n<li>Fait main<\/li>\n<li>La fermeture peut \u00eatre port\u00e9e au cou ou sur la nuque<\/li>\n<li>D\u00e9tail de perles et paillettes<\/li>\n<li>Tissu translucide respirant<\/li>\n<li>Engrener<\/li>\n<li>Des billes de verre<\/li>\n<\/ul>","protected":false},"excerpt":{"rendered":"<p>Duik in de charme van vervlogen tijden met onze \u2018Vintage Pink \u2019 kraag. Deze prachtige creatie omarmt de nostalgie van een vintage esthetiek met een vleugje zacht roze.<\/p>","protected":false},"featured_media":2902,"template":"","meta":[],"product_brand":[],"product_cat":[15],"product_tag":[],"class_list":{"0":"post-2901","1":"product","2":"type-product","3":"status-publish","4":"has-post-thumbnail","6":"product_cat-kraag","8":"first","9":"instock","10":"taxable","11":"shipping-taxable","12":"purchasable","13":"product-type-simple"},"_links":{"self":[{"href":"https:\/\/bailaluna.nl\/fr\/wp-json\/wp\/v2\/product\/2901","targetHints":{"allow":["GET"]}}],"collection":[{"href":"https:\/\/bailaluna.nl\/fr\/wp-json\/wp\/v2\/product"}],"about":[{"href":"https:\/\/bailaluna.nl\/fr\/wp-json\/wp\/v2\/types\/product"}],"wp:featuredmedia":[{"embeddable":true,"href":"https:\/\/bailaluna.nl\/fr\/wp-json\/wp\/v2\/media\/2902"}],"wp:attachment":[{"href":"https:\/\/bailaluna.nl\/fr\/wp-json\/wp\/v2\/media?parent=2901"}],"wp:term":[{"taxonomy":"product_brand","embeddable":true,"href":"https:\/\/bailaluna.nl\/fr\/wp-json\/wp\/v2\/product_brand?post=2901"},{"taxonomy":"product_cat","embeddable":true,"href":"https:\/\/bailaluna.nl\/fr\/wp-json\/wp\/v2\/product_cat?post=2901"},{"taxonomy":"product_tag","embeddable":true,"href":"https:\/\/bailaluna.nl\/fr\/wp-json\/wp\/v2\/product_tag?post=2901"}],"curies":[{"name":"wp","href":"https:\/\/api.w.org\/{rel}","templated":true}]}}