{"id":2929,"date":"2023-10-30T19:13:50","date_gmt":"2023-10-30T19:13:50","guid":{"rendered":"https:\/\/bailaluna.nl\/?post_type=product&#038;p=2929"},"modified":"2023-11-30T16:39:07","modified_gmt":"2023-11-30T15:39:07","slug":"golden-circoloco-collar","status":"publish","type":"product","link":"https:\/\/bailaluna.nl\/fr\/shop\/kraag\/golden-circoloco-collar\/","title":{"rendered":"Collier Circoloco Dor\u00e9"},"content":{"rendered":"<p class=\"p1\">Laissez-vous transporter dans l&#039;univers de l&#039;\u00e9l\u00e9gance festive avec notre collier &#039;Golden Circoloco&#039;. Cette pi\u00e8ce saisissante allie l\u2019esprit vibrant du cirque \u00e0 la sophistication de l\u2019or. Les \u00e9l\u00e9ments de design audacieux et l&#039;or \u00e9tincelant cr\u00e9ent un accessoire intemporel et unique. Portez ce collier et brillez comme centre de la f\u00eate, \u00e9l\u00e9gant et rayonnant, ajoutant une touche de magie du cirque \u00e0 votre look, parfait pour les occasions sp\u00e9ciales et les bons vivants qui aiment la vie nocturne.<\/p>\n<ul>\n<li>Fait main<\/li>\n<li>La fermeture peut \u00eatre port\u00e9e au cou ou sur la nuque<\/li>\n<li>D\u00e9tail de perles et paillettes<\/li>\n<li>Tissu translucide respirant<\/li>\n<li>Engrener<\/li>\n<li>Des billes de verre<\/li>\n<li>Perles de verre aspect perle<\/li>\n<\/ul>","protected":false},"excerpt":{"rendered":"<p>Laissez-vous transporter dans l&#039;univers de l&#039;\u00e9l\u00e9gance festive avec notre collier &#039;Golden Circoloco&#039;. Cette pi\u00e8ce saisissante allie l\u2019esprit vibrant du cirque \u00e0 la sophistication de l\u2019or. Les \u00e9l\u00e9ments de design audacieux et l&#039;or \u00e9tincelant cr\u00e9ent un accessoire intemporel et unique. Portez ce collier et brillez comme centre de la f\u00eate, \u00e9l\u00e9gant et rayonnant, ajoutant une touche de magie du cirque \u00e0 votre look, parfait pour les occasions sp\u00e9ciales et les bons vivants qui aiment la vie nocturne.<\/p>","protected":false},"featured_media":2930,"template":"","meta":[],"product_brand":[],"product_cat":[15],"product_tag":[],"class_list":{"0":"post-2929","1":"product","2":"type-product","3":"status-publish","4":"has-post-thumbnail","6":"product_cat-kraag","8":"first","9":"outofstock","10":"taxable","11":"shipping-taxable","12":"purchasable","13":"product-type-simple"},"_links":{"self":[{"href":"https:\/\/bailaluna.nl\/fr\/wp-json\/wp\/v2\/product\/2929","targetHints":{"allow":["GET"]}}],"collection":[{"href":"https:\/\/bailaluna.nl\/fr\/wp-json\/wp\/v2\/product"}],"about":[{"href":"https:\/\/bailaluna.nl\/fr\/wp-json\/wp\/v2\/types\/product"}],"wp:featuredmedia":[{"embeddable":true,"href":"https:\/\/bailaluna.nl\/fr\/wp-json\/wp\/v2\/media\/2930"}],"wp:attachment":[{"href":"https:\/\/bailaluna.nl\/fr\/wp-json\/wp\/v2\/media?parent=2929"}],"wp:term":[{"taxonomy":"product_brand","embeddable":true,"href":"https:\/\/bailaluna.nl\/fr\/wp-json\/wp\/v2\/product_brand?post=2929"},{"taxonomy":"product_cat","embeddable":true,"href":"https:\/\/bailaluna.nl\/fr\/wp-json\/wp\/v2\/product_cat?post=2929"},{"taxonomy":"product_tag","embeddable":true,"href":"https:\/\/bailaluna.nl\/fr\/wp-json\/wp\/v2\/product_tag?post=2929"}],"curies":[{"name":"wp","href":"https:\/\/api.w.org\/{rel}","templated":true}]}}