{"id":2937,"date":"2023-10-31T08:26:12","date_gmt":"2023-10-31T08:26:12","guid":{"rendered":"https:\/\/bailaluna.nl\/?post_type=product&#038;p=2937"},"modified":"2023-11-23T10:48:20","modified_gmt":"2023-11-23T09:48:20","slug":"golden-luxury-layers-collar","status":"publish","type":"product","link":"https:\/\/bailaluna.nl\/fr\/shop\/kraag\/golden-luxury-layers-collar\/","title":{"rendered":"Collier Tournesol Dor\u00e9"},"content":{"rendered":"<p>Laissez-vous envo\u00fbter par la beaut\u00e9 joyeuse de notre collier &#039;Tournesol&#039;. Cette magnifique pi\u00e8ce capture l&#039;\u00e9nergie vibrante des journ\u00e9es ensoleill\u00e9es avec le charme des perles. Les couleurs \u00e9clatantes et les \u00e9l\u00e9ments de design ludiques cr\u00e9ent un accessoire intemporel qui donne vie \u00e0 votre style. Portez le \u00ab Collier Tournesol \u00bb et brillez comme un symbole de joie et de splendeur ensoleill\u00e9e, \u00e9l\u00e9gant et joyeux, ajoutant une touche de beaut\u00e9 naturelle \u00e0 votre look, parfait pour toute occasion et pour les amateurs de charme floral.<\/p>\n<ul>\n<li class=\"p1\"><span class=\"s1\">Fait main<\/span><\/li>\n<li class=\"p1\"><span class=\"s1\">La fermeture peut se faire au niveau du cou ou \u00e0 l&#039;arri\u00e8re du cou <\/span><span class=\"s1\">se faire porter<\/span><\/li>\n<li class=\"p1\"><span class=\"s1\">Tissu translucide respirant<\/span><\/li>\n<li class=\"p1\"><span class=\"s1\">Engrener<\/span><\/li>\n<li class=\"p1\"><span class=\"s1\">Des billes de verre<\/span><\/li>\n<li class=\"p1\"><span class=\"s1\">Perles de verre aspect perle<\/span><span class=\"s1\"><br \/>\n<\/span><\/li>\n<\/ul>","protected":false},"excerpt":{"rendered":"<p>Laissez-vous envo\u00fbter par la beaut\u00e9 joyeuse de notre collier \u00ab\u00a0Tournesol\u00a0\u00bb. Ce magnifique bijou capture l&#039;\u00e9nergie vibrante des journ\u00e9es ensoleill\u00e9es avec le charme des perles.<\/p>","protected":false},"featured_media":2940,"template":"","meta":[],"product_brand":[],"product_cat":[15],"product_tag":[],"class_list":{"0":"post-2937","1":"product","2":"type-product","3":"status-publish","4":"has-post-thumbnail","6":"product_cat-kraag","8":"first","9":"instock","10":"taxable","11":"shipping-taxable","12":"purchasable","13":"product-type-simple"},"_links":{"self":[{"href":"https:\/\/bailaluna.nl\/fr\/wp-json\/wp\/v2\/product\/2937","targetHints":{"allow":["GET"]}}],"collection":[{"href":"https:\/\/bailaluna.nl\/fr\/wp-json\/wp\/v2\/product"}],"about":[{"href":"https:\/\/bailaluna.nl\/fr\/wp-json\/wp\/v2\/types\/product"}],"wp:featuredmedia":[{"embeddable":true,"href":"https:\/\/bailaluna.nl\/fr\/wp-json\/wp\/v2\/media\/2940"}],"wp:attachment":[{"href":"https:\/\/bailaluna.nl\/fr\/wp-json\/wp\/v2\/media?parent=2937"}],"wp:term":[{"taxonomy":"product_brand","embeddable":true,"href":"https:\/\/bailaluna.nl\/fr\/wp-json\/wp\/v2\/product_brand?post=2937"},{"taxonomy":"product_cat","embeddable":true,"href":"https:\/\/bailaluna.nl\/fr\/wp-json\/wp\/v2\/product_cat?post=2937"},{"taxonomy":"product_tag","embeddable":true,"href":"https:\/\/bailaluna.nl\/fr\/wp-json\/wp\/v2\/product_tag?post=2937"}],"curies":[{"name":"wp","href":"https:\/\/api.w.org\/{rel}","templated":true}]}}