{"id":3116,"date":"2023-11-15T10:31:12","date_gmt":"2023-11-15T10:31:12","guid":{"rendered":"https:\/\/bailaluna.nl\/?post_type=product&#038;p=3116"},"modified":"2023-11-15T11:59:11","modified_gmt":"2023-11-15T11:59:11","slug":"golden-sahara-symphony","status":"publish","type":"product","link":"https:\/\/bailaluna.nl\/fr\/shop\/macrame-set\/golden-sahara-symphony\/","title":{"rendered":"Symphonie du Sahara dor\u00e9"},"content":{"rendered":"<p>Plongez au c\u0153ur des r\u00eaves du d\u00e9sert avec notre ensemble de macram\u00e9 Golden Sahara Symphony. Inspir\u00e9 par la beaut\u00e9 intemporelle de l\u2019\u00c9gypte ancienne, cet ensemble est une ode aux dunes majestueuses et aux oasis myst\u00e9rieuses du Sahara. Les riches tons dor\u00e9s respirent le luxe et la sophistication, parfaits pour la femme moderne qui souhaite apporter une touche de charme historique \u00e0 son ensemble.<\/p>\n<ul>\n<li class=\"p1\">Chaque ensemble est tiss\u00e9 \u00e0 la main avec pr\u00e9cision, faisant ressortir les d\u00e9tails intrins\u00e8ques de l&#039;art du macram\u00e9.<\/li>\n<li class=\"p1\">\u00c9l\u00e9ments r\u00e9glables de taille unique pour plus de confort<\/li>\n<li class=\"p1\">la jupe peut \u00eatre port\u00e9e avec la fermeture \u00e0 l&#039;avant ou \u00e0 l&#039;arri\u00e8re<\/li>\n<li class=\"p1\">Teinte dor\u00e9e luxueuse<\/li>\n<li class=\"p1\">Conception tiss\u00e9e \u00e0 la main<\/li>\n<li class=\"p1\">Influences \u00e9gyptiennes historiques<\/li>\n<\/ul>","protected":false},"excerpt":{"rendered":"<p>Plongez dans les r\u00eaves du d\u00e9sert avec notre ensemble macram\u00e9 Symphonie du Sahara Dor\u00e9. Inspir\u00e9 par la beaut\u00e9 intemporelle de l&#039;\u00c9gypte antique, cet ensemble est une ode aux dunes majestueuses et aux oasis myst\u00e9rieuses du Sahara.<\/p>","protected":false},"featured_media":3118,"template":"","meta":[],"product_brand":[],"product_cat":[50],"product_tag":[],"class_list":{"0":"post-3116","1":"product","2":"type-product","3":"status-publish","4":"has-post-thumbnail","6":"product_cat-macrame-set","8":"first","9":"instock","10":"taxable","11":"shipping-taxable","12":"purchasable","13":"product-type-simple"},"_links":{"self":[{"href":"https:\/\/bailaluna.nl\/fr\/wp-json\/wp\/v2\/product\/3116","targetHints":{"allow":["GET"]}}],"collection":[{"href":"https:\/\/bailaluna.nl\/fr\/wp-json\/wp\/v2\/product"}],"about":[{"href":"https:\/\/bailaluna.nl\/fr\/wp-json\/wp\/v2\/types\/product"}],"wp:featuredmedia":[{"embeddable":true,"href":"https:\/\/bailaluna.nl\/fr\/wp-json\/wp\/v2\/media\/3118"}],"wp:attachment":[{"href":"https:\/\/bailaluna.nl\/fr\/wp-json\/wp\/v2\/media?parent=3116"}],"wp:term":[{"taxonomy":"product_brand","embeddable":true,"href":"https:\/\/bailaluna.nl\/fr\/wp-json\/wp\/v2\/product_brand?post=3116"},{"taxonomy":"product_cat","embeddable":true,"href":"https:\/\/bailaluna.nl\/fr\/wp-json\/wp\/v2\/product_cat?post=3116"},{"taxonomy":"product_tag","embeddable":true,"href":"https:\/\/bailaluna.nl\/fr\/wp-json\/wp\/v2\/product_tag?post=3116"}],"curies":[{"name":"wp","href":"https:\/\/api.w.org\/{rel}","templated":true}]}}