{"id":3131,"date":"2023-11-15T11:44:11","date_gmt":"2023-11-15T11:44:11","guid":{"rendered":"https:\/\/bailaluna.nl\/?post_type=product&#038;p=3131"},"modified":"2023-11-16T17:59:37","modified_gmt":"2023-11-16T16:59:37","slug":"red-anubis-symphony","status":"publish","type":"product","link":"https:\/\/bailaluna.nl\/fr\/shop\/macrame-set\/red-anubis-symphony\/","title":{"rendered":"Enregistrer la Symphonie d\u2019Anubis"},"content":{"rendered":"<p>Laissez-vous emporter par les tons profonds du coffret Macram\u00e9 Symphonie Rouge Anubis. Ce chef-d&#039;\u0153uvre tiss\u00e9 \u00e0 la main refl\u00e8te la passion et la puissance du dieu \u00e9gyptien Anubis, incarn\u00e9s dans les riches fils rouge rubis. Inspir\u00e9 des myst\u00e8res de l\u2019\u00c9gypte ancienne, cet ensemble d\u00e9gage une aura de majest\u00e9 et d\u2019enchantement. Les tons rouges profonds symbolisent le courage et l&#039;amour, tandis que l&#039;art du macram\u00e9 donne une touche moderne \u00e0 une tradition intemporelle. Parfait pour les occasions sp\u00e9ciales o\u00f9 vous souhaitez rayonner \u00e0 la fois \u00e9l\u00e9gance et force.<\/p>\n<ul>\n<li class=\"p1\">\n<p class=\"p1\"><span class=\"s1\">Chaque ensemble est tiss\u00e9 \u00e0 la main avec pr\u00e9cision, faisant ressortir les d\u00e9tails intrins\u00e8ques de l&#039;art du macram\u00e9.<\/span><\/p>\n<\/li>\n<li class=\"p1\">\n<p class=\"p1\"><span class=\"s1\">\u00c9l\u00e9ments r\u00e9glables de taille unique pour plus de confort <\/span>la jupe peut \u00eatre port\u00e9e avec la fermeture \u00e0 l&#039;avant ou \u00e0 l&#039;arri\u00e8re<\/p>\n<\/li>\n<li class=\"p1\">\n<p class=\"p1\">Couleur rouge rubis intense<\/p>\n<\/li>\n<li class=\"p1\">\n<p class=\"p1\">Motif raffin\u00e9 tiss\u00e9 \u00e0 la main<\/p>\n<\/li>\n<li class=\"p1\">\n<p class=\"p1\">\u00c9chos du mysticisme \u00e9gyptien antique.<\/p>\n<\/li>\n<\/ul>","protected":false},"excerpt":{"rendered":"<p>Laissez-vous emporter par les tons profonds de l&#039;ensemble macram\u00e9 Symphonie Anubis Rouge. Ce chef-d&#039;\u0153uvre tiss\u00e9 \u00e0 la main refl\u00e8te la passion et la puissance du dieu \u00e9gyptien Anubis.<\/p>","protected":false},"featured_media":3132,"template":"","meta":[],"product_brand":[],"product_cat":[50],"product_tag":[],"class_list":{"0":"post-3131","1":"product","2":"type-product","3":"status-publish","4":"has-post-thumbnail","6":"product_cat-macrame-set","8":"first","9":"instock","10":"taxable","11":"shipping-taxable","12":"purchasable","13":"product-type-simple"},"_links":{"self":[{"href":"https:\/\/bailaluna.nl\/fr\/wp-json\/wp\/v2\/product\/3131","targetHints":{"allow":["GET"]}}],"collection":[{"href":"https:\/\/bailaluna.nl\/fr\/wp-json\/wp\/v2\/product"}],"about":[{"href":"https:\/\/bailaluna.nl\/fr\/wp-json\/wp\/v2\/types\/product"}],"wp:featuredmedia":[{"embeddable":true,"href":"https:\/\/bailaluna.nl\/fr\/wp-json\/wp\/v2\/media\/3132"}],"wp:attachment":[{"href":"https:\/\/bailaluna.nl\/fr\/wp-json\/wp\/v2\/media?parent=3131"}],"wp:term":[{"taxonomy":"product_brand","embeddable":true,"href":"https:\/\/bailaluna.nl\/fr\/wp-json\/wp\/v2\/product_brand?post=3131"},{"taxonomy":"product_cat","embeddable":true,"href":"https:\/\/bailaluna.nl\/fr\/wp-json\/wp\/v2\/product_cat?post=3131"},{"taxonomy":"product_tag","embeddable":true,"href":"https:\/\/bailaluna.nl\/fr\/wp-json\/wp\/v2\/product_tag?post=3131"}],"curies":[{"name":"wp","href":"https:\/\/api.w.org\/{rel}","templated":true}]}}