{"id":3135,"date":"2023-11-15T11:56:08","date_gmt":"2023-11-15T11:56:08","guid":{"rendered":"https:\/\/bailaluna.nl\/?post_type=product&#038;p=3135"},"modified":"2023-11-16T17:58:21","modified_gmt":"2023-11-16T16:58:21","slug":"white-nile-symphony","status":"publish","type":"product","link":"https:\/\/bailaluna.nl\/fr\/shop\/macrame-set\/white-nile-symphony\/","title":{"rendered":"Symphonie du Nil Blanc"},"content":{"rendered":"<p>Plongez dans l&#039;\u00e9l\u00e9gance pure de la parure en macram\u00e9 Symphonie du Nil Blanc. Cette cr\u00e9ation tiss\u00e9e main \u00e9voque les eaux scintillantes du Nil, qui coule au c\u0153ur de l&#039;\u00c9gypte antique. La blancheur immacul\u00e9e du macram\u00e9 symbolise la puret\u00e9 et la s\u00e9r\u00e9nit\u00e9, un clin d&#039;\u0153il discret \u00e0 la beaut\u00e9 intemporelle des reines \u00e9gyptiennes. Associ\u00e9e \u00e0 de subtiles touches dor\u00e9es, cette parure incarne parfaitement l&#039;\u00e9l\u00e9gance classique avec une touche de modernit\u00e9. Portez-la pour une sensation de majest\u00e9 discr\u00e8te en toute occasion.<\/p>\n<ul>\n<li class=\"p1\">\n<p class=\"p1\"><span class=\"s1\">Chaque ensemble est tiss\u00e9 \u00e0 la main avec pr\u00e9cision, faisant ressortir les d\u00e9tails intrins\u00e8ques de l&#039;art du macram\u00e9.<\/span><\/p>\n<\/li>\n<li class=\"p1\">\n<p class=\"p1\"><span class=\"s1\">\u00c9l\u00e9ments r\u00e9glables de taille unique pour plus de confort <\/span><span class=\"s1\">la jupe peut \u00eatre port\u00e9e avec la fermeture \u00e0 l&#039;avant ou \u00e0 l&#039;arri\u00e8re<\/span><\/p>\n<\/li>\n<li class=\"p1\">\n<p class=\"p1\"><span class=\"s1\">Blanc cristallin avec des accents dor\u00e9s<\/span><\/p>\n<\/li>\n<li class=\"p1\">\n<p class=\"p1\"><span class=\"s1\">D\u00e9tails d\u00e9licats tiss\u00e9s \u00e0 la main<\/span><\/p>\n<\/li>\n<li class=\"p1\">\n<p class=\"p1\"><span class=\"s1\">Une ode au raffinement du vieux monde.<\/span><\/p>\n<p class=\"p1\">\n<\/li>\n<\/ul>","protected":false},"excerpt":{"rendered":"<p>Dompel jezelf onder in de pure elegantie van de White Nile Symphony Macram\u00e9 Set. Deze handgeweven creatie roept beelden op van de sprankelende wateren van de Nijl, stromend door het hart van het oude Egypte.<\/p>","protected":false},"featured_media":3136,"template":"","meta":[],"product_brand":[],"product_cat":[50],"product_tag":[],"class_list":{"0":"post-3135","1":"product","2":"type-product","3":"status-publish","4":"has-post-thumbnail","6":"product_cat-macrame-set","8":"first","9":"instock","10":"taxable","11":"shipping-taxable","12":"purchasable","13":"product-type-simple"},"_links":{"self":[{"href":"https:\/\/bailaluna.nl\/fr\/wp-json\/wp\/v2\/product\/3135","targetHints":{"allow":["GET"]}}],"collection":[{"href":"https:\/\/bailaluna.nl\/fr\/wp-json\/wp\/v2\/product"}],"about":[{"href":"https:\/\/bailaluna.nl\/fr\/wp-json\/wp\/v2\/types\/product"}],"wp:featuredmedia":[{"embeddable":true,"href":"https:\/\/bailaluna.nl\/fr\/wp-json\/wp\/v2\/media\/3136"}],"wp:attachment":[{"href":"https:\/\/bailaluna.nl\/fr\/wp-json\/wp\/v2\/media?parent=3135"}],"wp:term":[{"taxonomy":"product_brand","embeddable":true,"href":"https:\/\/bailaluna.nl\/fr\/wp-json\/wp\/v2\/product_brand?post=3135"},{"taxonomy":"product_cat","embeddable":true,"href":"https:\/\/bailaluna.nl\/fr\/wp-json\/wp\/v2\/product_cat?post=3135"},{"taxonomy":"product_tag","embeddable":true,"href":"https:\/\/bailaluna.nl\/fr\/wp-json\/wp\/v2\/product_tag?post=3135"}],"curies":[{"name":"wp","href":"https:\/\/api.w.org\/{rel}","templated":true}]}}