{"id":3238,"date":"2023-11-22T14:49:54","date_gmt":"2023-11-22T13:49:54","guid":{"rendered":"https:\/\/bailaluna.nl\/?post_type=product&#038;p=3238"},"modified":"2023-11-28T18:22:43","modified_gmt":"2023-11-28T17:22:43","slug":"golden-luxury-layers-collar-2","status":"publish","type":"product","link":"https:\/\/bailaluna.nl\/fr\/shop\/kraag\/golden-luxury-layers-collar-2\/","title":{"rendered":"Collier superpos\u00e9 de luxe dor\u00e9"},"content":{"rendered":"<p>Plongez dans une pure sophistication avec notre collier \u00ab Golden Luxury Layers \u00bb. Cette pi\u00e8ce magistrale allie la splendeur de l\u2019or \u00e0 l\u2019\u00e9l\u00e9gance superpos\u00e9e. Les riches couches et l&#039;or \u00e9blouissant cr\u00e9ent un accessoire intemporel qui propulsera votre style vers de nouveaux sommets. Portez le \u00ab Golden Luxury Layers Collar \u00bb et brillez comme une ic\u00f4ne de sophistication et de luxe, ajoutant une touche de beaut\u00e9 opulente \u00e0 votre look, parfait pour les occasions sp\u00e9ciales et ceux qui recherchent une \u00e9l\u00e9gance intemporelle.<\/p>\n<ul>\n<li class=\"p1\"><span class=\"s1\">Fait main<\/span><\/li>\n<li class=\"p1\"><span class=\"s1\">La fermeture peut se faire au niveau du cou ou \u00e0 l&#039;arri\u00e8re du cou <\/span><span class=\"s1\">se faire porter<\/span><\/li>\n<li class=\"p1\"><span class=\"s1\">D\u00e9tail de perles et paillettes<\/span><\/li>\n<li class=\"p1\"><span class=\"s1\">Tissu translucide respirant<\/span><\/li>\n<li class=\"p1\"><span class=\"s1\">Engrener<\/span><\/li>\n<li class=\"p1\"><span class=\"s1\">Des billes de verre<\/span><\/li>\n<li class=\"p1\"><span class=\"s1\">Perles de verre aspect perle<\/span><\/li>\n<li class=\"p1\"><span class=\"s1\">Paillettes<br \/>\n<\/span><\/li>\n<\/ul>","protected":false},"excerpt":{"rendered":"<p>Plongez dans le raffinement pur avec notre collier \u00ab\u00a0Golden Luxury Layers\u00a0\u00bb. Cette pi\u00e8ce magistrale allie la splendeur de l&#039;or \u00e0 l&#039;\u00e9l\u00e9gance des superpositions.<\/p>","protected":false},"featured_media":3266,"template":"","meta":[],"product_brand":[],"product_cat":[15],"product_tag":[],"class_list":{"0":"post-3238","1":"product","2":"type-product","3":"status-publish","4":"has-post-thumbnail","6":"product_cat-kraag","8":"first","9":"instock","10":"taxable","11":"shipping-taxable","12":"purchasable","13":"product-type-simple"},"_links":{"self":[{"href":"https:\/\/bailaluna.nl\/fr\/wp-json\/wp\/v2\/product\/3238","targetHints":{"allow":["GET"]}}],"collection":[{"href":"https:\/\/bailaluna.nl\/fr\/wp-json\/wp\/v2\/product"}],"about":[{"href":"https:\/\/bailaluna.nl\/fr\/wp-json\/wp\/v2\/types\/product"}],"wp:featuredmedia":[{"embeddable":true,"href":"https:\/\/bailaluna.nl\/fr\/wp-json\/wp\/v2\/media\/3266"}],"wp:attachment":[{"href":"https:\/\/bailaluna.nl\/fr\/wp-json\/wp\/v2\/media?parent=3238"}],"wp:term":[{"taxonomy":"product_brand","embeddable":true,"href":"https:\/\/bailaluna.nl\/fr\/wp-json\/wp\/v2\/product_brand?post=3238"},{"taxonomy":"product_cat","embeddable":true,"href":"https:\/\/bailaluna.nl\/fr\/wp-json\/wp\/v2\/product_cat?post=3238"},{"taxonomy":"product_tag","embeddable":true,"href":"https:\/\/bailaluna.nl\/fr\/wp-json\/wp\/v2\/product_tag?post=3238"}],"curies":[{"name":"wp","href":"https:\/\/api.w.org\/{rel}","templated":true}]}}