{"id":3247,"date":"2023-11-23T11:00:31","date_gmt":"2023-11-23T10:00:31","guid":{"rendered":"https:\/\/bailaluna.nl\/?post_type=product&#038;p=3247"},"modified":"2023-11-28T18:43:47","modified_gmt":"2023-11-28T17:43:47","slug":"moonlight-elemental-collar","status":"publish","type":"product","link":"https:\/\/bailaluna.nl\/fr\/shop\/kraag\/moonlight-elemental-collar\/","title":{"rendered":"Collier \u00e9l\u00e9mentaire au clair de lune"},"content":{"rendered":"<p>Entrez dans la beaut\u00e9 myst\u00e9rieuse de la nuit avec notre collier \u00ab Moonlight Elemental \u00bb. Cette pi\u00e8ce enchanteresse combine la douce lueur du clair de lune avec des \u00e9l\u00e9ments de design de base. Les formes organiques et les tons argent\u00e9s cr\u00e9ent un accessoire intemporel qui donne vie \u00e0 votre style. Portez ce collier et rayonnez comme un symbole de gr\u00e2ce et d&#039;enchantement naturel, ajoutant une touche de myst\u00e8re \u00e0 votre look, parfait pour les soir\u00e9es romantiques et les amoureux de la beaut\u00e9 nocturne.<\/p>\n<ul>\n<li class=\"p1\"><span class=\"s1\">Fait main<\/span><\/li>\n<li class=\"p1\"><span class=\"s1\">La fermeture peut se faire au niveau du cou ou \u00e0 l&#039;arri\u00e8re du cou <\/span><span class=\"s1\">se faire porter<\/span><\/li>\n<li class=\"p1\"><span class=\"s1\">Tissu translucide respirant<\/span><\/li>\n<li>D\u00e9tail des perles<\/li>\n<li class=\"p1\"><span class=\"s1\">Engrener<\/span><\/li>\n<li>Satin<\/li>\n<li class=\"p1\"><span class=\"s1\">Des billes de verre<\/span><\/li>\n<li>Perles de verre aspect perle<\/li>\n<\/ul>","protected":false},"excerpt":{"rendered":"<p>Plongez dans la beaut\u00e9 myst\u00e9rieuse de la nuit avec notre collier \u00ab\u00a0Moonlight Elemental\u00a0\u00bb. Cette pi\u00e8ce enchanteresse allie la douce lueur du clair de lune \u00e0 des \u00e9l\u00e9ments de design \u00e9l\u00e9mentaires.<\/p>","protected":false},"featured_media":3278,"template":"","meta":[],"product_brand":[],"product_cat":[15],"product_tag":[],"class_list":{"0":"post-3247","1":"product","2":"type-product","3":"status-publish","4":"has-post-thumbnail","6":"product_cat-kraag","8":"first","9":"instock","10":"taxable","11":"shipping-taxable","12":"purchasable","13":"product-type-simple"},"_links":{"self":[{"href":"https:\/\/bailaluna.nl\/fr\/wp-json\/wp\/v2\/product\/3247","targetHints":{"allow":["GET"]}}],"collection":[{"href":"https:\/\/bailaluna.nl\/fr\/wp-json\/wp\/v2\/product"}],"about":[{"href":"https:\/\/bailaluna.nl\/fr\/wp-json\/wp\/v2\/types\/product"}],"wp:featuredmedia":[{"embeddable":true,"href":"https:\/\/bailaluna.nl\/fr\/wp-json\/wp\/v2\/media\/3278"}],"wp:attachment":[{"href":"https:\/\/bailaluna.nl\/fr\/wp-json\/wp\/v2\/media?parent=3247"}],"wp:term":[{"taxonomy":"product_brand","embeddable":true,"href":"https:\/\/bailaluna.nl\/fr\/wp-json\/wp\/v2\/product_brand?post=3247"},{"taxonomy":"product_cat","embeddable":true,"href":"https:\/\/bailaluna.nl\/fr\/wp-json\/wp\/v2\/product_cat?post=3247"},{"taxonomy":"product_tag","embeddable":true,"href":"https:\/\/bailaluna.nl\/fr\/wp-json\/wp\/v2\/product_tag?post=3247"}],"curies":[{"name":"wp","href":"https:\/\/api.w.org\/{rel}","templated":true}]}}