{"id":3248,"date":"2023-11-23T11:03:06","date_gmt":"2023-11-23T10:03:06","guid":{"rendered":"https:\/\/bailaluna.nl\/?post_type=product&#038;p=3248"},"modified":"2023-11-28T18:46:39","modified_gmt":"2023-11-28T17:46:39","slug":"misty-palace-collar","status":"publish","type":"product","link":"https:\/\/bailaluna.nl\/fr\/shop\/kraag\/misty-palace-collar\/","title":{"rendered":"Collier du Palais Brumeux"},"content":{"rendered":"<p>Entrez dans le monde enchanteur du collier &#039;Misty Palace&#039;. Cette pi\u00e8ce majestueuse capture l\u2019atmosph\u00e8re d\u2019un palais myst\u00e9rieux envelopp\u00e9 de brume. Les d\u00e9tails \u00e9l\u00e9gants et les tons brumeux cr\u00e9ent un accessoire intemporel qui \u00e9l\u00e8ve votre style \u00e0 des sommets royaux. Portez le \u00ab Misty Palace Collar \u00bb et sentez-vous comme un souverain dans un palais de r\u00eave, \u00e9l\u00e9gant et rayonnant, ajoutant une touche de splendeur royale \u00e0 votre look, parfait pour les occasions sp\u00e9ciales et pour ceux qui aiment l&#039;\u00e9l\u00e9gance opulente et royale.<\/p>\n<ul>\n<li class=\"p1\"><span class=\"s1\">Fait main<\/span><\/li>\n<li class=\"p1\"><span class=\"s1\">La fermeture peut se faire au niveau du cou ou \u00e0 l&#039;arri\u00e8re du cou <\/span><span class=\"s1\">se faire porter<\/span><\/li>\n<li class=\"p1\"><span class=\"s1\">Tissu translucide respirant<\/span><\/li>\n<li class=\"p1\"><span class=\"s1\">Engrener<\/span><\/li>\n<li>Satin<\/li>\n<li class=\"p1\"><span class=\"s1\">Des billes de verre<\/span><\/li>\n<\/ul>","protected":false},"excerpt":{"rendered":"<p>Entrez dans l&#039;univers enchanteur du collier \u00ab\u00a0Palais Brumeux\u00a0\u00bb. Cette pi\u00e8ce majestueuse capture l&#039;atmosph\u00e8re d&#039;un palais myst\u00e9rieux envelopp\u00e9 de brume.<\/p>","protected":false},"featured_media":3281,"template":"","meta":[],"product_brand":[],"product_cat":[15],"product_tag":[],"class_list":{"0":"post-3248","1":"product","2":"type-product","3":"status-publish","4":"has-post-thumbnail","6":"product_cat-kraag","8":"first","9":"instock","10":"taxable","11":"shipping-taxable","12":"purchasable","13":"product-type-simple"},"_links":{"self":[{"href":"https:\/\/bailaluna.nl\/fr\/wp-json\/wp\/v2\/product\/3248","targetHints":{"allow":["GET"]}}],"collection":[{"href":"https:\/\/bailaluna.nl\/fr\/wp-json\/wp\/v2\/product"}],"about":[{"href":"https:\/\/bailaluna.nl\/fr\/wp-json\/wp\/v2\/types\/product"}],"wp:featuredmedia":[{"embeddable":true,"href":"https:\/\/bailaluna.nl\/fr\/wp-json\/wp\/v2\/media\/3281"}],"wp:attachment":[{"href":"https:\/\/bailaluna.nl\/fr\/wp-json\/wp\/v2\/media?parent=3248"}],"wp:term":[{"taxonomy":"product_brand","embeddable":true,"href":"https:\/\/bailaluna.nl\/fr\/wp-json\/wp\/v2\/product_brand?post=3248"},{"taxonomy":"product_cat","embeddable":true,"href":"https:\/\/bailaluna.nl\/fr\/wp-json\/wp\/v2\/product_cat?post=3248"},{"taxonomy":"product_tag","embeddable":true,"href":"https:\/\/bailaluna.nl\/fr\/wp-json\/wp\/v2\/product_tag?post=3248"}],"curies":[{"name":"wp","href":"https:\/\/api.w.org\/{rel}","templated":true}]}}