{"id":3252,"date":"2023-11-23T11:14:04","date_gmt":"2023-11-23T10:14:04","guid":{"rendered":"https:\/\/bailaluna.nl\/?post_type=product&#038;p=3252"},"modified":"2025-07-30T13:45:01","modified_gmt":"2025-07-30T11:45:01","slug":"golden-multicolor-flowers-collar","status":"publish","type":"product","link":"https:\/\/bailaluna.nl\/fr\/shop\/kraag\/golden-multicolor-flowers-collar\/","title":{"rendered":"Collier Fleurs Multicolores Dor\u00e9"},"content":{"rendered":"<p>Entrez dans un monde d&#039;opulence et de splendeur avec notre collier &#039;Golden Multicolor Flowers&#039;. Cette pi\u00e8ce saisissante allie la richesse de l\u2019or au dynamisme des fleurs multicolores. Les motifs floraux d\u00e9taill\u00e9s et les belles couleurs cr\u00e9ent un accessoire intemporel qui donne vie \u00e0 votre style. Portez le \u00ab Collier \u00e0 Fleurs Multicolores Dor\u00e9es \u00bb et brillez comme un symbole de splendeur naturelle et d&#039;\u00e9l\u00e9gance vibrante, ajoutant une touche de beaut\u00e9 opulente \u00e0 votre look, parfait pour les occasions sp\u00e9ciales et les amateurs de fleurs color\u00e9es.<\/p>\n<ul>\n<li class=\"p1\"><span class=\"s1\">Fait main<\/span><\/li>\n<li class=\"p1\"><span class=\"s1\">La fermeture peut se faire au niveau du cou ou \u00e0 l&#039;arri\u00e8re du cou <\/span><span class=\"s1\">se faire porter<\/span><\/li>\n<li>D\u00e9tails de paillettes et de perles<\/li>\n<li class=\"p1\"><span class=\"s1\">Tissu translucide respirant<\/span><\/li>\n<li class=\"p1\"><span class=\"s1\">Engrener<\/span><\/li>\n<li>Satin<\/li>\n<li>Paillettes<\/li>\n<li class=\"p1\"><span class=\"s1\">Des billes de verre<\/span><\/li>\n<li>Perles de verre aspect perle<\/li>\n<\/ul>","protected":false},"excerpt":{"rendered":"<p>Entrez dans un monde d&#039;opulence et de couleurs \u00e9clatantes avec notre collier \u00ab\u00a0Golden Multicolour Flowers\u00a0\u00bb. Cette pi\u00e8ce saisissante allie la richesse de l&#039;or \u00e0 l&#039;\u00e9clat des fleurs multicolores.<\/p>","protected":false},"featured_media":3294,"template":"","meta":[],"product_brand":[],"product_cat":[15],"product_tag":[],"class_list":{"0":"post-3252","1":"product","2":"type-product","3":"status-publish","4":"has-post-thumbnail","6":"product_cat-kraag","8":"first","9":"instock","10":"taxable","11":"shipping-taxable","12":"purchasable","13":"product-type-simple"},"_links":{"self":[{"href":"https:\/\/bailaluna.nl\/fr\/wp-json\/wp\/v2\/product\/3252","targetHints":{"allow":["GET"]}}],"collection":[{"href":"https:\/\/bailaluna.nl\/fr\/wp-json\/wp\/v2\/product"}],"about":[{"href":"https:\/\/bailaluna.nl\/fr\/wp-json\/wp\/v2\/types\/product"}],"wp:featuredmedia":[{"embeddable":true,"href":"https:\/\/bailaluna.nl\/fr\/wp-json\/wp\/v2\/media\/3294"}],"wp:attachment":[{"href":"https:\/\/bailaluna.nl\/fr\/wp-json\/wp\/v2\/media?parent=3252"}],"wp:term":[{"taxonomy":"product_brand","embeddable":true,"href":"https:\/\/bailaluna.nl\/fr\/wp-json\/wp\/v2\/product_brand?post=3252"},{"taxonomy":"product_cat","embeddable":true,"href":"https:\/\/bailaluna.nl\/fr\/wp-json\/wp\/v2\/product_cat?post=3252"},{"taxonomy":"product_tag","embeddable":true,"href":"https:\/\/bailaluna.nl\/fr\/wp-json\/wp\/v2\/product_tag?post=3252"}],"curies":[{"name":"wp","href":"https:\/\/api.w.org\/{rel}","templated":true}]}}