{"id":3255,"date":"2023-11-23T15:10:29","date_gmt":"2023-11-23T14:10:29","guid":{"rendered":"https:\/\/bailaluna.nl\/?post_type=product&#038;p=3255"},"modified":"2024-07-24T10:27:49","modified_gmt":"2024-07-24T08:27:49","slug":"golden-sahara-sophistication","status":"publish","type":"product","link":"https:\/\/bailaluna.nl\/fr\/shop\/macrame-set\/golden-sahara-sophistication\/","title":{"rendered":"Sophistication du Sahara dor\u00e9"},"content":{"rendered":"<p>Plongez-vous dans la splendeur raffin\u00e9e de l\u2019ensemble macram\u00e9 Golden Sahara Sophistication. Chaque fil de cet ensemble luxueux raconte une histoire de civilisations anciennes et d&#039;oasis du d\u00e9sert, baign\u00e9es par la lumi\u00e8re chaude et dor\u00e9e du soleil couchant. Les motifs soigneusement tiss\u00e9s rayonnent l&#039;opulence des palais pharaoniques, tandis que les tons dor\u00e9s refl\u00e8tent l&#039;\u00e9ternit\u00e9 des dunes de sable. Avec cet ensemble, vous ne portez pas seulement un accessoire ; vous transportez un morceau d&#039;histoire, d&#039;art et de culture qui vous rappelle la splendeur de l&#039;\u00c9gypte ancienne.<\/p>\n<ul>\n<li><span class=\"s1\">Chaque ensemble est tiss\u00e9 \u00e0 la main avec pr\u00e9cision, faisant ressortir les d\u00e9tails intrins\u00e8ques de l&#039;art du macram\u00e9<\/span><\/li>\n<li><span class=\"s1\">\u00c9l\u00e9ments r\u00e9glables de taille unique pour plus de confort <\/span><span class=\"s1\">la jupe peut \u00eatre port\u00e9e avec la fermeture \u00e0 l&#039;avant ou \u00e0 l&#039;arri\u00e8re<\/span><\/li>\n<li>Vue dor\u00e9e fascinante sur le Sahara<\/li>\n<li>Tiss\u00e9 \u00e0 la main avec un souci du d\u00e9tail<\/li>\n<li>Une combinaison intemporelle de style et d\u2019histoire.<\/li>\n<li>Macram\u00e9<\/li>\n<li>M\u00e9tal<\/li>\n<\/ul>","protected":false},"excerpt":{"rendered":"<p>Plongez dans la splendeur raffin\u00e9e de l&#039;ensemble macram\u00e9 Sophistication Golden Sahara. Chaque fil de cet ensemble luxueux raconte l&#039;histoire de civilisations anciennes et d&#039;oasis du d\u00e9sert, baign\u00e9es par la chaude lumi\u00e8re dor\u00e9e du soleil couchant.<\/p>","protected":false},"featured_media":3515,"template":"","meta":[],"product_brand":[],"product_cat":[50],"product_tag":[],"class_list":{"0":"post-3255","1":"product","2":"type-product","3":"status-publish","4":"has-post-thumbnail","6":"product_cat-macrame-set","8":"first","9":"outofstock","10":"taxable","11":"shipping-taxable","12":"purchasable","13":"product-type-simple"},"_links":{"self":[{"href":"https:\/\/bailaluna.nl\/fr\/wp-json\/wp\/v2\/product\/3255","targetHints":{"allow":["GET"]}}],"collection":[{"href":"https:\/\/bailaluna.nl\/fr\/wp-json\/wp\/v2\/product"}],"about":[{"href":"https:\/\/bailaluna.nl\/fr\/wp-json\/wp\/v2\/types\/product"}],"wp:featuredmedia":[{"embeddable":true,"href":"https:\/\/bailaluna.nl\/fr\/wp-json\/wp\/v2\/media\/3515"}],"wp:attachment":[{"href":"https:\/\/bailaluna.nl\/fr\/wp-json\/wp\/v2\/media?parent=3255"}],"wp:term":[{"taxonomy":"product_brand","embeddable":true,"href":"https:\/\/bailaluna.nl\/fr\/wp-json\/wp\/v2\/product_brand?post=3255"},{"taxonomy":"product_cat","embeddable":true,"href":"https:\/\/bailaluna.nl\/fr\/wp-json\/wp\/v2\/product_cat?post=3255"},{"taxonomy":"product_tag","embeddable":true,"href":"https:\/\/bailaluna.nl\/fr\/wp-json\/wp\/v2\/product_tag?post=3255"}],"curies":[{"name":"wp","href":"https:\/\/api.w.org\/{rel}","templated":true}]}}