{"id":3256,"date":"2023-11-23T15:22:37","date_gmt":"2023-11-23T14:22:37","guid":{"rendered":"https:\/\/bailaluna.nl\/?post_type=product&#038;p=3256"},"modified":"2024-07-24T10:27:49","modified_gmt":"2024-07-24T08:27:49","slug":"black-nightfall-sophistication","status":"publish","type":"product","link":"https:\/\/bailaluna.nl\/fr\/shop\/macrame-set\/black-nightfall-sophistication\/","title":{"rendered":"Sophistication de la tomb\u00e9e de la nuit noire"},"content":{"rendered":"<p>Entrez dans un monde de myst\u00e8re et d&#039;\u00e9l\u00e9gance avec l&#039;ensemble macram\u00e9 Black Nightfall Sophistication. Chaque fil de cet ensemble est impr\u00e9gn\u00e9 de la magie des nuits au clair de lune sur les silhouettes sombres des pyramides \u00e9gyptiennes. Les motifs d\u00e9taill\u00e9s tiss\u00e9s \u00e0 la main \u00e9voquent des souvenirs d&#039;anciennes l\u00e9gendes et de c\u00e9r\u00e9monies nocturnes. Cet ensemble d&#039;un noir profond n&#039;est pas seulement une d\u00e9claration de style, mais aussi un hommage aux nuits enchanteresses de l&#039;\u00c9gypte ancienne.<\/p>\n<ul>\n<li><span class=\"s1\">Chaque ensemble est tiss\u00e9 \u00e0 la main avec pr\u00e9cision, faisant ressortir les d\u00e9tails intrins\u00e8ques de l&#039;art du macram\u00e9<\/span><\/li>\n<li><span class=\"s1\">\u00c9l\u00e9ments r\u00e9glables de taille unique pour plus de confort <\/span><span class=\"s1\">la jupe peut \u00eatre port\u00e9e avec la fermeture \u00e0 l&#039;avant ou \u00e0 l&#039;arri\u00e8re<\/span><\/li>\n<li>Des tons noirs profonds qui refl\u00e8tent l&#039;obscurit\u00e9 de la nuit du d\u00e9sert<\/li>\n<li>Soigneusement fait \u00e0 la main, un chef-d&#039;\u0153uvre dans les moindres d\u00e9tails<\/li>\n<li>Un m\u00e9lange s\u00e9duisant d\u2019histoire, d\u2019art et de beaut\u00e9 nocturne.<\/li>\n<li>Macram\u00e9<\/li>\n<li>M\u00e9tal<\/li>\n<\/ul>","protected":false},"excerpt":{"rendered":"<p>Entrez dans un monde de myst\u00e8re et d&#039;\u00e9l\u00e9gance avec le coffret macram\u00e9 Sophistication Nuit Noire. Chaque brin de ce coffret est impr\u00e9gn\u00e9 de la magie des nuits de pleine lune se d\u00e9tachant sur les silhouettes sombres des pyramides d&#039;\u00c9gypte.<\/p>","protected":false},"featured_media":3518,"template":"","meta":[],"product_brand":[],"product_cat":[50],"product_tag":[],"class_list":{"0":"post-3256","1":"product","2":"type-product","3":"status-publish","4":"has-post-thumbnail","6":"product_cat-macrame-set","8":"first","9":"outofstock","10":"taxable","11":"shipping-taxable","12":"purchasable","13":"product-type-simple"},"_links":{"self":[{"href":"https:\/\/bailaluna.nl\/fr\/wp-json\/wp\/v2\/product\/3256","targetHints":{"allow":["GET"]}}],"collection":[{"href":"https:\/\/bailaluna.nl\/fr\/wp-json\/wp\/v2\/product"}],"about":[{"href":"https:\/\/bailaluna.nl\/fr\/wp-json\/wp\/v2\/types\/product"}],"wp:featuredmedia":[{"embeddable":true,"href":"https:\/\/bailaluna.nl\/fr\/wp-json\/wp\/v2\/media\/3518"}],"wp:attachment":[{"href":"https:\/\/bailaluna.nl\/fr\/wp-json\/wp\/v2\/media?parent=3256"}],"wp:term":[{"taxonomy":"product_brand","embeddable":true,"href":"https:\/\/bailaluna.nl\/fr\/wp-json\/wp\/v2\/product_brand?post=3256"},{"taxonomy":"product_cat","embeddable":true,"href":"https:\/\/bailaluna.nl\/fr\/wp-json\/wp\/v2\/product_cat?post=3256"},{"taxonomy":"product_tag","embeddable":true,"href":"https:\/\/bailaluna.nl\/fr\/wp-json\/wp\/v2\/product_tag?post=3256"}],"curies":[{"name":"wp","href":"https:\/\/api.w.org\/{rel}","templated":true}]}}