{"id":3257,"date":"2023-11-23T15:39:31","date_gmt":"2023-11-23T14:39:31","guid":{"rendered":"https:\/\/bailaluna.nl\/?post_type=product&#038;p=3257"},"modified":"2023-11-29T16:48:05","modified_gmt":"2023-11-29T15:48:05","slug":"golden-sahara-dreamweave","status":"publish","type":"product","link":"https:\/\/bailaluna.nl\/fr\/shop\/macrame-set\/golden-sahara-dreamweave\/","title":{"rendered":"Tissage de r\u00eave du Sahara dor\u00e9"},"content":{"rendered":"<p>Plongez dans la riche beaut\u00e9 du Sahara dor\u00e9 avec l&#039;ensemble Dreamweave Macram\u00e9. Cette cr\u00e9ation dor\u00e9e capture l\u2019essence des dunes de sable baign\u00e9es de soleil et des r\u00eaves intemporels du d\u00e9sert. Chaque d\u00e9tail a \u00e9t\u00e9 soigneusement r\u00e9alis\u00e9 \u00e0 la main, cr\u00e9ant un r\u00e9seau de r\u00eaves et de mysticisme. Laissez-vous charmer par la chaleur et l&#039;\u00e9clat de cet ensemble et emportez avec vous la magie du Sahara.<\/p>\n<ul>\n<li><span class=\"s1\">Chaque ensemble est tiss\u00e9 \u00e0 la main avec pr\u00e9cision, faisant ressortir les d\u00e9tails intrins\u00e8ques de l&#039;art du macram\u00e9<\/span><\/li>\n<li><span class=\"s1\">\u00c9l\u00e9ments r\u00e9glables de taille unique pour plus de confort <\/span><span class=\"s1\">la jupe peut \u00eatre port\u00e9e avec la fermeture \u00e0 l&#039;avant ou \u00e0 l&#039;arri\u00e8re<\/span><\/li>\n<li>Des tons dor\u00e9s scintillants qui \u00e9voquent la chaleur \u00e9touffante et la splendeur du d\u00e9sert<\/li>\n<li>Un hommage \u00e9poustouflant \u00e0 la beaut\u00e9 infinie et au myst\u00e8re du Sahara<\/li>\n<li>Macram\u00e9<\/li>\n<li>M\u00e9tal<\/li>\n<\/ul>","protected":false},"excerpt":{"rendered":"<p>Plongez dans la beaut\u00e9 luxuriante du Sahara dor\u00e9 avec l&#039;ensemble en macram\u00e9 Dreamweave. Cette cr\u00e9ation dor\u00e9e capture l&#039;essence des dunes de sable baign\u00e9es de soleil et des r\u00eaves intemporels du d\u00e9sert.<\/p>","protected":false},"featured_media":3533,"template":"","meta":[],"product_brand":[],"product_cat":[50],"product_tag":[],"class_list":{"0":"post-3257","1":"product","2":"type-product","3":"status-publish","4":"has-post-thumbnail","6":"product_cat-macrame-set","8":"first","9":"instock","10":"taxable","11":"shipping-taxable","12":"purchasable","13":"product-type-simple"},"_links":{"self":[{"href":"https:\/\/bailaluna.nl\/fr\/wp-json\/wp\/v2\/product\/3257","targetHints":{"allow":["GET"]}}],"collection":[{"href":"https:\/\/bailaluna.nl\/fr\/wp-json\/wp\/v2\/product"}],"about":[{"href":"https:\/\/bailaluna.nl\/fr\/wp-json\/wp\/v2\/types\/product"}],"wp:featuredmedia":[{"embeddable":true,"href":"https:\/\/bailaluna.nl\/fr\/wp-json\/wp\/v2\/media\/3533"}],"wp:attachment":[{"href":"https:\/\/bailaluna.nl\/fr\/wp-json\/wp\/v2\/media?parent=3257"}],"wp:term":[{"taxonomy":"product_brand","embeddable":true,"href":"https:\/\/bailaluna.nl\/fr\/wp-json\/wp\/v2\/product_brand?post=3257"},{"taxonomy":"product_cat","embeddable":true,"href":"https:\/\/bailaluna.nl\/fr\/wp-json\/wp\/v2\/product_cat?post=3257"},{"taxonomy":"product_tag","embeddable":true,"href":"https:\/\/bailaluna.nl\/fr\/wp-json\/wp\/v2\/product_tag?post=3257"}],"curies":[{"name":"wp","href":"https:\/\/api.w.org\/{rel}","templated":true}]}}