{"id":3261,"date":"2023-11-23T16:09:52","date_gmt":"2023-11-23T15:09:52","guid":{"rendered":"https:\/\/bailaluna.nl\/?post_type=product&#038;p=3261"},"modified":"2024-06-19T19:35:37","modified_gmt":"2024-06-19T17:35:37","slug":"red-anubis-cleopatra-harness","status":"publish","type":"product","link":"https:\/\/bailaluna.nl\/fr\/shop\/macrame-set\/red-anubis-cleopatra-harness\/","title":{"rendered":"Harnais Cl\u00e9op\u00e2tre Anubis Rouge"},"content":{"rendered":"<p>Laissez-vous envo\u00fbter par les nuances profondes et ardentes du \u00ab Harnais Cl\u00e9op\u00e2tre Anubis Rouge \u00bb. Inspir\u00e9 par la passion et le pouvoir de Cl\u00e9op\u00e2tre et le mysticisme du dieu Anubis, cet ensemble en macram\u00e9 est une c\u00e9l\u00e9bration du riche h\u00e9ritage de l&#039;\u00c9gypte ancienne. Les fils de rubis capturent l&#039;essence des couchers de soleil \u00e9gyptiens, tandis que le design complexe honore la beaut\u00e9 intemporelle de Cl\u00e9op\u00e2tre. Une pi\u00e8ce indispensable pour ceux qui veulent rayonner \u00e0 la fois de force et de sophistication, symbole de splendeur royale.<\/p>\n<ul>\n<li><span class=\"s1\">Chaque ensemble est tiss\u00e9 \u00e0 la main avec pr\u00e9cision, faisant ressortir les d\u00e9tails intrins\u00e8ques de l&#039;art du macram\u00e9<\/span><\/li>\n<li><span class=\"s1\">\u00c9l\u00e9ments r\u00e9glables de taille unique pour plus de confort <\/span><span class=\"s1\">la jupe peut \u00eatre port\u00e9e avec la fermeture \u00e0 l&#039;avant ou \u00e0 l&#039;arri\u00e8re<\/span><\/li>\n<li>Des tons rouges profonds qui \u00e9voquent le myst\u00e8re et la passion de l&#039;\u00c9gypte ancienne<\/li>\n<li>Une pi\u00e8ce qui incarne la force et la sophistication de Cl\u00e9op\u00e2tre, id\u00e9ale pour ceux qui recherchent une apparence royale<\/li>\n<li>Macram\u00e9<\/li>\n<li>M\u00e9tal<\/li>\n<\/ul>","protected":false},"excerpt":{"rendered":"<p>Laat je betoveren door de diepe, vurige tinten van de &#8220;Red Anubis Cleopatra Harness&#8221;. Deze macram\u00e9 set, ge\u00efnspireerd door de passie en kracht van Cleopatra en de mystiek van de god Anubis, is een viering van het rijke erfgoed van het oude Egypte.<\/p>","protected":false},"featured_media":3822,"template":"","meta":[],"product_brand":[],"product_cat":[50],"product_tag":[],"class_list":{"0":"post-3261","1":"product","2":"type-product","3":"status-publish","4":"has-post-thumbnail","6":"product_cat-macrame-set","8":"first","9":"instock","10":"taxable","11":"shipping-taxable","12":"purchasable","13":"product-type-simple"},"_links":{"self":[{"href":"https:\/\/bailaluna.nl\/fr\/wp-json\/wp\/v2\/product\/3261","targetHints":{"allow":["GET"]}}],"collection":[{"href":"https:\/\/bailaluna.nl\/fr\/wp-json\/wp\/v2\/product"}],"about":[{"href":"https:\/\/bailaluna.nl\/fr\/wp-json\/wp\/v2\/types\/product"}],"wp:featuredmedia":[{"embeddable":true,"href":"https:\/\/bailaluna.nl\/fr\/wp-json\/wp\/v2\/media\/3822"}],"wp:attachment":[{"href":"https:\/\/bailaluna.nl\/fr\/wp-json\/wp\/v2\/media?parent=3261"}],"wp:term":[{"taxonomy":"product_brand","embeddable":true,"href":"https:\/\/bailaluna.nl\/fr\/wp-json\/wp\/v2\/product_brand?post=3261"},{"taxonomy":"product_cat","embeddable":true,"href":"https:\/\/bailaluna.nl\/fr\/wp-json\/wp\/v2\/product_cat?post=3261"},{"taxonomy":"product_tag","embeddable":true,"href":"https:\/\/bailaluna.nl\/fr\/wp-json\/wp\/v2\/product_tag?post=3261"}],"curies":[{"name":"wp","href":"https:\/\/api.w.org\/{rel}","templated":true}]}}