{"id":3262,"date":"2023-11-23T16:14:23","date_gmt":"2023-11-23T15:14:23","guid":{"rendered":"https:\/\/bailaluna.nl\/?post_type=product&#038;p=3262"},"modified":"2024-06-21T15:15:43","modified_gmt":"2024-06-21T13:15:43","slug":"white-nile-cleopatra-harness","status":"publish","type":"product","link":"https:\/\/bailaluna.nl\/fr\/shop\/macrame-set\/white-nile-cleopatra-harness\/","title":{"rendered":"Harnais Cl\u00e9op\u00e2tre du Nil Blanc"},"content":{"rendered":"<p>Laissez-vous enchanter par la clart\u00e9 \u00e9tincelante du \u00ab Harnais Cl\u00e9op\u00e2tre du Nil Blanc \u00bb. Cet ensemble macram\u00e9 incarne la beaut\u00e9 intemporelle et la puret\u00e9 du puissant Nil. Le blanc immacul\u00e9 fait \u00e9cho aux rayons brillants du soleil illuminant la rivi\u00e8re, tandis que le tissage d\u00e9licat ravive l&#039;\u00e9l\u00e9gance de la reine Cl\u00e9op\u00e2tre. Chaque d\u00e9tail, chaque bouton est fabriqu\u00e9 \u00e0 la main avec passion et pr\u00e9cision, ce qui donne une texture et un design incomparables. Enveloppez-vous dans cette beaut\u00e9 et ressentez la puissance et la gr\u00e2ce de l&#039;h\u00e9ritage de Cl\u00e9op\u00e2tre.<\/p>\n<ul>\n<li><span class=\"s1\">Chaque ensemble est tiss\u00e9 \u00e0 la main avec pr\u00e9cision, faisant ressortir les d\u00e9tails intrins\u00e8ques de l&#039;art du macram\u00e9<\/span><\/li>\n<li><span class=\"s1\">\u00c9l\u00e9ments r\u00e9glables de taille unique pour plus de confort <\/span><span class=\"s1\">la jupe peut \u00eatre port\u00e9e avec la fermeture \u00e0 l&#039;avant ou \u00e0 l&#039;arri\u00e8re<\/span><\/li>\n<li>Le blanc pur, symbole de puret\u00e9 et de nature intacte<\/li>\n<li>Une pi\u00e8ce enchanteresse qui respire \u00e0 la fois la s\u00e9r\u00e9nit\u00e9 et l&#039;allure royale, parfaite pour ceux qui souhaitent incarner sophistication et puissance.<\/li>\n<li>Macram\u00e9<\/li>\n<li>M\u00e9tal<\/li>\n<\/ul>","protected":false},"excerpt":{"rendered":"<p>Laat je betoveren door de sprankelende helderheid van de &#8220;White Nile Cleopatra Harness&#8221;. Deze Macram\u00e9 Set belichaamt de tijdloze schoonheid en puurheid van de machtige Nijl.<\/p>","protected":false},"featured_media":3825,"template":"","meta":[],"product_brand":[],"product_cat":[50],"product_tag":[],"class_list":{"0":"post-3262","1":"product","2":"type-product","3":"status-publish","4":"has-post-thumbnail","6":"product_cat-macrame-set","8":"first","9":"instock","10":"taxable","11":"shipping-taxable","12":"purchasable","13":"product-type-simple"},"_links":{"self":[{"href":"https:\/\/bailaluna.nl\/fr\/wp-json\/wp\/v2\/product\/3262","targetHints":{"allow":["GET"]}}],"collection":[{"href":"https:\/\/bailaluna.nl\/fr\/wp-json\/wp\/v2\/product"}],"about":[{"href":"https:\/\/bailaluna.nl\/fr\/wp-json\/wp\/v2\/types\/product"}],"wp:featuredmedia":[{"embeddable":true,"href":"https:\/\/bailaluna.nl\/fr\/wp-json\/wp\/v2\/media\/3825"}],"wp:attachment":[{"href":"https:\/\/bailaluna.nl\/fr\/wp-json\/wp\/v2\/media?parent=3262"}],"wp:term":[{"taxonomy":"product_brand","embeddable":true,"href":"https:\/\/bailaluna.nl\/fr\/wp-json\/wp\/v2\/product_brand?post=3262"},{"taxonomy":"product_cat","embeddable":true,"href":"https:\/\/bailaluna.nl\/fr\/wp-json\/wp\/v2\/product_cat?post=3262"},{"taxonomy":"product_tag","embeddable":true,"href":"https:\/\/bailaluna.nl\/fr\/wp-json\/wp\/v2\/product_tag?post=3262"}],"curies":[{"name":"wp","href":"https:\/\/api.w.org\/{rel}","templated":true}]}}