{"id":3263,"date":"2023-11-23T16:19:33","date_gmt":"2023-11-23T15:19:33","guid":{"rendered":"https:\/\/bailaluna.nl\/?post_type=product&#038;p=3263"},"modified":"2024-06-19T19:42:39","modified_gmt":"2024-06-19T17:42:39","slug":"black-nightfall-cleopatra-harness","status":"publish","type":"product","link":"https:\/\/bailaluna.nl\/fr\/shop\/macrame-set\/black-nightfall-cleopatra-harness\/","title":{"rendered":"Harnais Cl\u00e9op\u00e2tre Noir Nightfall"},"content":{"rendered":"<p>Plongez au plus profond des ombres enchanteresses du \u00ab Harnais Cl\u00e9op\u00e2tre Black Nightfall \u00bb. Cet ensemble macram\u00e9 refl\u00e8te le charme \u00e9nigmatique et la puissance de la l\u00e9gendaire Cl\u00e9op\u00e2tre, envelopp\u00e9e dans les secrets de la nuit. Le noir profond symbolise les profondeurs insondables de la soir\u00e9e, tandis que l&#039;intrigant motif en macram\u00e9 rend hommage \u00e0 la reine du Nil. Chaque bouton, chaque d\u00e9tail est fabriqu\u00e9 \u00e0 la main avec soin et savoir-faire, ce qui donne lieu \u00e0 une \u0153uvre d&#039;art de texture et de style. Portez cette beaut\u00e9 et ressentez l&#039;attraction magn\u00e9tique du d\u00e9sert nocturne et l&#039;esprit indomptable de Cl\u00e9op\u00e2tre.<\/p>\n<ul>\n<li><span class=\"s1\">Chaque ensemble est tiss\u00e9 \u00e0 la main avec pr\u00e9cision, faisant ressortir les d\u00e9tails intrins\u00e8ques de l&#039;art du macram\u00e9<\/span><\/li>\n<li><span class=\"s1\">\u00c9l\u00e9ments r\u00e9glables de taille unique pour plus de confort <\/span><span class=\"s1\">la jupe peut \u00eatre port\u00e9e avec la fermeture \u00e0 l&#039;avant ou \u00e0 l&#039;arri\u00e8re<\/span><\/li>\n<li>Des tons noirs profonds qui \u00e9voquent les secrets du d\u00e9sert nocturne<\/li>\n<li>Une superbe exposition de myst\u00e8re et de beaut\u00e9, parfaite pour ceux qui ont soif d&#039;une touche d&#039;aventure et de mysticisme.<\/li>\n<li>Macram\u00e9<\/li>\n<li>M\u00e9tal<\/li>\n<\/ul>","protected":false},"excerpt":{"rendered":"<p>Plongez au c\u0153ur des ombres enchanteresses du \u00ab\u00a0Harnais Cl\u00e9op\u00e2tre Noir Cr\u00e9puscule\u00a0\u00bb. Cet ensemble en macram\u00e9 refl\u00e8te le charme et le pouvoir \u00e9nigmatiques de la l\u00e9gendaire Cl\u00e9op\u00e2tre, envelopp\u00e9s des secrets de la nuit.<\/p>","protected":false},"featured_media":3828,"template":"","meta":[],"product_brand":[],"product_cat":[50],"product_tag":[],"class_list":{"0":"post-3263","1":"product","2":"type-product","3":"status-publish","4":"has-post-thumbnail","6":"product_cat-macrame-set","8":"first","9":"instock","10":"taxable","11":"shipping-taxable","12":"purchasable","13":"product-type-simple"},"_links":{"self":[{"href":"https:\/\/bailaluna.nl\/fr\/wp-json\/wp\/v2\/product\/3263","targetHints":{"allow":["GET"]}}],"collection":[{"href":"https:\/\/bailaluna.nl\/fr\/wp-json\/wp\/v2\/product"}],"about":[{"href":"https:\/\/bailaluna.nl\/fr\/wp-json\/wp\/v2\/types\/product"}],"wp:featuredmedia":[{"embeddable":true,"href":"https:\/\/bailaluna.nl\/fr\/wp-json\/wp\/v2\/media\/3828"}],"wp:attachment":[{"href":"https:\/\/bailaluna.nl\/fr\/wp-json\/wp\/v2\/media?parent=3263"}],"wp:term":[{"taxonomy":"product_brand","embeddable":true,"href":"https:\/\/bailaluna.nl\/fr\/wp-json\/wp\/v2\/product_brand?post=3263"},{"taxonomy":"product_cat","embeddable":true,"href":"https:\/\/bailaluna.nl\/fr\/wp-json\/wp\/v2\/product_cat?post=3263"},{"taxonomy":"product_tag","embeddable":true,"href":"https:\/\/bailaluna.nl\/fr\/wp-json\/wp\/v2\/product_tag?post=3263"}],"curies":[{"name":"wp","href":"https:\/\/api.w.org\/{rel}","templated":true}]}}