{"id":3264,"date":"2023-11-23T16:34:41","date_gmt":"2023-11-23T15:34:41","guid":{"rendered":"https:\/\/bailaluna.nl\/?post_type=product&#038;p=3264"},"modified":"2024-06-19T19:48:41","modified_gmt":"2024-06-19T17:48:41","slug":"white-nile-desert-dawn-delicacy","status":"publish","type":"product","link":"https:\/\/bailaluna.nl\/fr\/shop\/macrame-set\/white-nile-desert-dawn-delicacy\/","title":{"rendered":"D\u00e9lice de l&#039;aube du d\u00e9sert du Nil blanc"},"content":{"rendered":"<p>Laissez-vous envelopper par la douce lueur du \u00ab White Nile Desert Dawn Delicacy \u00bb. Cette Robe Macram\u00e9 est une ode \u00e0 la douce aube qui embrasse les rives du Nil. Le blanc \u00e9clatant refl\u00e8te les premiers rayons du soleil, faisant briller les sables du d\u00e9sert, et le d\u00e9licat motif en macram\u00e9 nou\u00e9 \u00e0 la main fait \u00e9cho \u00e0 la beaut\u00e9 complexe du paysage. Chaque bouton, chaque fibre est confectionn\u00e9 avec pr\u00e9cision et amour, ce qui donne un v\u00eatement \u00e0 la fois \u00e9l\u00e9gant et intemporel. Portez cette robe et ne faites qu&#039;un avec l&#039;atmosph\u00e8re sereine d&#039;un d\u00e9sert au lever du soleil et les flux infinis du Nil.<\/p>\n<ul>\n<li><span class=\"s1\">Chaque ensemble est tiss\u00e9 \u00e0 la main avec pr\u00e9cision, faisant ressortir les d\u00e9tails intrins\u00e8ques de l&#039;art du macram\u00e9<\/span><\/li>\n<li><span class=\"s1\">\u00c9l\u00e9ments r\u00e9glables de taille unique pour plus de confort <\/span><span class=\"s1\">la jupe peut \u00eatre port\u00e9e avec la fermeture \u00e0 l&#039;avant ou \u00e0 l&#039;arri\u00e8re<\/span><\/li>\n<li>Le blanc pur, symbole de puret\u00e9 et de nature intacte<\/li>\n<li>Une pi\u00e8ce enchanteresse qui respire \u00e0 la fois la s\u00e9r\u00e9nit\u00e9 et l&#039;allure royale, parfaite pour ceux qui souhaitent incarner sophistication et puissance.<\/li>\n<li>Macram\u00e9<\/li>\n<li>M\u00e9tal<\/li>\n<\/ul>","protected":false},"excerpt":{"rendered":"<p>Laissez-vous envelopper par la douce lueur de la \u00ab D\u00e9licatesse de l&#039;Aube du D\u00e9sert du Nil Blanc \u00bb. Cette robe en macram\u00e9 est une ode \u00e0 la douceur de l&#039;aube qui embrasse les rives du Nil.<\/p>","protected":false},"featured_media":3833,"template":"","meta":[],"product_brand":[],"product_cat":[50],"product_tag":[],"class_list":{"0":"post-3264","1":"product","2":"type-product","3":"status-publish","4":"has-post-thumbnail","6":"product_cat-macrame-set","8":"first","9":"instock","10":"taxable","11":"shipping-taxable","12":"purchasable","13":"product-type-simple"},"_links":{"self":[{"href":"https:\/\/bailaluna.nl\/fr\/wp-json\/wp\/v2\/product\/3264","targetHints":{"allow":["GET"]}}],"collection":[{"href":"https:\/\/bailaluna.nl\/fr\/wp-json\/wp\/v2\/product"}],"about":[{"href":"https:\/\/bailaluna.nl\/fr\/wp-json\/wp\/v2\/types\/product"}],"wp:featuredmedia":[{"embeddable":true,"href":"https:\/\/bailaluna.nl\/fr\/wp-json\/wp\/v2\/media\/3833"}],"wp:attachment":[{"href":"https:\/\/bailaluna.nl\/fr\/wp-json\/wp\/v2\/media?parent=3264"}],"wp:term":[{"taxonomy":"product_brand","embeddable":true,"href":"https:\/\/bailaluna.nl\/fr\/wp-json\/wp\/v2\/product_brand?post=3264"},{"taxonomy":"product_cat","embeddable":true,"href":"https:\/\/bailaluna.nl\/fr\/wp-json\/wp\/v2\/product_cat?post=3264"},{"taxonomy":"product_tag","embeddable":true,"href":"https:\/\/bailaluna.nl\/fr\/wp-json\/wp\/v2\/product_tag?post=3264"}],"curies":[{"name":"wp","href":"https:\/\/api.w.org\/{rel}","templated":true}]}}